{"id":13405,"date":"2023-12-25T07:30:40","date_gmt":"2023-12-25T07:30:40","guid":{"rendered":"https:\/\/printspace.harutheme.com\/demand\/?page_id=13405"},"modified":"2025-08-04T10:50:37","modified_gmt":"2025-08-04T10:50:37","slug":"contact-us","status":"publish","type":"page","link":"https:\/\/shop.print.az\/en\/contact-us\/","title":{"rendered":"Contact us"},"content":{"rendered":"<div data-elementor-type=\"wp-page\" data-elementor-id=\"13405\" class=\"elementor elementor-13405\">\n\t\t\t\t<div class=\"elementor-element elementor-element-db6551a e-flex e-con-boxed e-con e-parent\" data-id=\"db6551a\" data-element_type=\"container\">\n\t\t\t\t\t<div class=\"e-con-inner\">\n\t\t<div class=\"elementor-element elementor-element-bdb2be5 e-con-full e-flex e-con e-child\" data-id=\"bdb2be5\" data-element_type=\"container\">\n\t\t\t\t<div class=\"elementor-element elementor-element-45ff1be elementor-widget elementor-widget-haru-heading\" data-id=\"45ff1be\" data-element_type=\"widget\" data-widget_type=\"haru-heading.default\">\n\t\t\t\t<div class=\"elementor-widget-container\">\n\t\t\t<h2 class=\"haru-heading-title haru-heading-title--sub-heading-5\">Contact us<\/h2>\t\t<\/div>\n\t\t\t\t<\/div>\n\t\t\t\t<div class=\"elementor-element elementor-element-0e0278d elementor-widget elementor-widget-haru-heading\" data-id=\"0e0278d\" data-element_type=\"widget\" data-widget_type=\"haru-heading.default\">\n\t\t\t\t<div class=\"elementor-widget-container\">\n\t\t\t<h2 class=\"haru-heading-title haru-heading-title--heading-2\">Contact us<\/h2>\t\t<\/div>\n\t\t\t\t<\/div>\n\t\t\t\t<\/div>\n\t\t\t\t\t<\/div>\n\t\t\t\t<\/div>\n\t\t<div class=\"elementor-element elementor-element-bb3c9ea e-flex e-con-boxed e-con e-parent\" data-id=\"bb3c9ea\" data-element_type=\"container\">\n\t\t\t\t\t<div class=\"e-con-inner\">\n\t\t<div class=\"elementor-element elementor-element-478b26a e-con-full e-flex e-con e-child\" data-id=\"478b26a\" data-element_type=\"container\">\n\t\t\t\t<div class=\"elementor-element elementor-element-7e9b330 elementor-widget elementor-widget-haru-contact\" data-id=\"7e9b330\" data-element_type=\"widget\" data-widget_type=\"haru-contact.default\">\n\t\t\t\t<div class=\"elementor-widget-container\">\n\t\t\t\n        \t\t        \t<div class=\"haru-contact haru-contact--style-7\">\n\t        \t\t\n\n\t<ul>\n\t\t\t\t\t<li>\n\t\t\t\t<div class=\"haru-contact__icon\"><i aria-hidden=\"true\" class=\"phosphor phosphor-map-pin\"><\/i><\/div>\n\t\t\t\t<div class=\"haru-contact__content\">\n\t\t\t\t\t<h6 class=\"haru-contact__title\">Address<\/h6>\n\t\t\t\t\t<div class=\"haru-contact__desc\">Hazi Aslanov 118, Baku, Azerbaijan\n<br>\n<a href=\"https:\/\/maps.app.goo.gl\/pnifY8tUxiUNfD5d8\" target=\"_blank\">Go to link<\/a><\/div>\n\t\t\t\t<\/div>\n\t\t\t<\/li>\n\t\t\t<\/ul>\n\t    \t\t<\/div>\n    \t\t\n    \t\t\t\t<\/div>\n\t\t\t\t<\/div>\n\t\t\t\t<\/div>\n\t\t<div class=\"elementor-element elementor-element-5a1794c e-con-full e-flex e-con e-child\" data-id=\"5a1794c\" data-element_type=\"container\">\n\t\t\t\t<div class=\"elementor-element elementor-element-a9004b1 elementor-widget elementor-widget-haru-contact\" data-id=\"a9004b1\" data-element_type=\"widget\" data-widget_type=\"haru-contact.default\">\n\t\t\t\t<div class=\"elementor-widget-container\">\n\t\t\t\n        \t\t        \t<div class=\"haru-contact haru-contact--style-7\">\n\t        \t\t\n\n\t<ul>\n\t\t\t\t\t<li>\n\t\t\t\t<div class=\"haru-contact__icon\"><i aria-hidden=\"true\" class=\"phosphor phosphor-phone-call\"><\/i><\/div>\n\t\t\t\t<div class=\"haru-contact__content\">\n\t\t\t\t\t<h6 class=\"haru-contact__title\">Contact<\/h6>\n\t\t\t\t\t<div class=\"haru-contact__desc\">Mobile: <strong>+994 50 760 40 05\n<\/strong>\n<br>\nE-mail: shop@print.az\n<\/div>\n\t\t\t\t<\/div>\n\t\t\t<\/li>\n\t\t\t<\/ul>\n\t    \t\t<\/div>\n    \t\t\n    \t\t\t\t<\/div>\n\t\t\t\t<\/div>\n\t\t\t\t<\/div>\n\t\t<div class=\"elementor-element elementor-element-545e934 e-con-full e-flex e-con e-child\" data-id=\"545e934\" data-element_type=\"container\">\n\t\t\t\t<div class=\"elementor-element elementor-element-9a7b44c elementor-widget elementor-widget-haru-contact\" data-id=\"9a7b44c\" data-element_type=\"widget\" data-widget_type=\"haru-contact.default\">\n\t\t\t\t<div class=\"elementor-widget-container\">\n\t\t\t\n        \t\t        \t<div class=\"haru-contact haru-contact--style-7\">\n\t        \t\t\n\n\t<ul>\n\t\t\t\t\t<li>\n\t\t\t\t<div class=\"haru-contact__icon\"><i aria-hidden=\"true\" class=\"phosphor phosphor-clock\"><\/i><\/div>\n\t\t\t\t<div class=\"haru-contact__content\">\n\t\t\t\t\t<h6 class=\"haru-contact__title\">Working hours<\/h6>\n\t\t\t\t\t<div class=\"haru-contact__desc\">M - F: 09:00 - 18:00\n<br>\nSat: 10:00 - 16:00<\/div>\n\t\t\t\t<\/div>\n\t\t\t<\/li>\n\t\t\t<\/ul>\n\t    \t\t<\/div>\n    \t\t\n    \t\t\t\t<\/div>\n\t\t\t\t<\/div>\n\t\t\t\t<\/div>\n\t\t\t\t\t<\/div>\n\t\t\t\t<\/div>\n\t\t<div class=\"elementor-element elementor-element-baffcb2 e-flex e-con-boxed e-con e-parent\" data-id=\"baffcb2\" data-element_type=\"container\">\n\t\t\t\t\t<div class=\"e-con-inner\">\n\t\t\t\t<div class=\"elementor-element elementor-element-f40e17b elementor-widget elementor-widget-html\" data-id=\"f40e17b\" data-element_type=\"widget\" data-widget_type=\"html.default\">\n\t\t\t\t<div class=\"elementor-widget-container\">\n\t\t\t<iframe src=\"https:\/\/www.google.com\/maps\/embed?pb=!1m18!1m12!1m3!1d3039.541073812393!2d49.842580899999994!3d40.374699199999995!2m3!1f0!2f0!3f0!3m2!1i1024!2i768!4f13.1!3m3!1m2!1s0x40307d4eae274ee1%3A0xc67c866369e2ca70!2zUHJpbnQuYXogLSBNyZl0YsmZyZkgdsmZIHJla2xhbSB4aWRtyZl0bMmZcmkgLyBQcm9tbyBtyZloc3VsbGFy!5e0!3m2!1sru!2saz!4v1754302678354!5m2!1sru!2saz\" width=\"600\" height=\"450\" style=\"border:0;\" allowfullscreen=\"\" loading=\"lazy\" referrerpolicy=\"no-referrer-when-downgrade\"><\/iframe>\t\t<\/div>\n\t\t\t\t<\/div>\n\t\t\t\t\t<\/div>\n\t\t\t\t<\/div>\n\t\t<div class=\"elementor-element elementor-element-7310f3e e-flex e-con-boxed e-con e-parent\" data-id=\"7310f3e\" data-element_type=\"container\">\n\t\t\t\t\t<div class=\"e-con-inner\">\n\t\t<div class=\"elementor-element elementor-element-de3ca4e e-con-full e-flex e-con e-child\" data-id=\"de3ca4e\" data-element_type=\"container\">\n\t\t<div class=\"elementor-element elementor-element-4b007fc e-con-full e-flex e-con e-child\" data-id=\"4b007fc\" data-element_type=\"container\">\n\t\t\t\t<div class=\"elementor-element elementor-element-25d2496 elementor-widget elementor-widget-haru-heading\" data-id=\"25d2496\" data-element_type=\"widget\" data-widget_type=\"haru-heading.default\">\n\t\t\t\t<div class=\"elementor-widget-container\">\n\t\t\t<h2 class=\"haru-heading-title haru-heading-title--heading-5\">Write a message<\/h2>\t\t<\/div>\n\t\t\t\t<\/div>\n\t\t\t\t<div class=\"elementor-element elementor-element-f6bd1d3 elementor-widget elementor-widget-shortcode\" data-id=\"f6bd1d3\" data-element_type=\"widget\" data-widget_type=\"shortcode.default\">\n\t\t\t\t<div class=\"elementor-widget-container\">\n\t\t\t\t\t<div class=\"elementor-shortcode\">\n<div class=\"wpcf7 no-js\" id=\"wpcf7-f1369-o1\" lang=\"en-US\" dir=\"ltr\" data-wpcf7-id=\"1369\">\n<div class=\"screen-reader-response\"><p role=\"status\" aria-live=\"polite\" aria-atomic=\"true\"><\/p> <ul><\/ul><\/div>\n<form action=\"\/en\/wp-json\/wp\/v2\/pages\/13405#wpcf7-f1369-o1\" method=\"post\" class=\"wpcf7-form init\" aria-label=\"Contact form\" novalidate=\"novalidate\" data-status=\"init\" data-trp-original-action=\"\/en\/wp-json\/wp\/v2\/pages\/13405#wpcf7-f1369-o1\">\n<div style=\"display: none;\">\n<input type=\"hidden\" name=\"_wpcf7\" value=\"1369\" \/>\n<input type=\"hidden\" name=\"_wpcf7_version\" value=\"6.0.1\" \/>\n<input type=\"hidden\" name=\"_wpcf7_locale\" value=\"en_US\" \/>\n<input type=\"hidden\" name=\"_wpcf7_unit_tag\" value=\"wpcf7-f1369-o1\" \/>\n<input type=\"hidden\" name=\"_wpcf7_container_post\" value=\"0\" \/>\n<input type=\"hidden\" name=\"_wpcf7_posted_data_hash\" value=\"\" \/>\n<\/div>\n<div class=\"contact-form\">\n\n<div class=\"contact-form__row contact-form__row--cols-2\">\n    <div class=\"contact-form__col\">\n        <div class=\"contact-form__input\"><span class=\"wpcf7-form-control-wrap\" data-name=\"first-name\"><input size=\"40\" maxlength=\"400\" class=\"wpcf7-form-control wpcf7-text wpcf7-validates-as-required\" aria-required=\"true\" aria-invalid=\"false\" placeholder=\"First name\" value=\"\" type=\"text\" name=\"first-name\" \/><\/span><\/div>\n    <\/div>\n    <div class=\"contact-form__col\">\n        <div class=\"contact-form__input\"><span class=\"wpcf7-form-control-wrap\" data-name=\"last-name\"><input size=\"40\" maxlength=\"400\" class=\"wpcf7-form-control wpcf7-text wpcf7-validates-as-required\" aria-required=\"true\" aria-invalid=\"false\" placeholder=\"Surname\" value=\"\" type=\"text\" name=\"last-name\" \/><\/span><\/div>\n    <\/div>\n<\/div>\n\n<div class=\"contact-form__row\">\n    <div class=\"contact-form__input\"><span class=\"wpcf7-form-control-wrap\" data-name=\"your-email\"><input size=\"40\" maxlength=\"400\" class=\"wpcf7-form-control wpcf7-email wpcf7-validates-as-required wpcf7-text wpcf7-validates-as-email\" aria-required=\"true\" aria-invalid=\"false\" placeholder=\"E-mail\" value=\"\" type=\"email\" name=\"your-email\" \/><\/span><\/div>\n<\/div>\n\n<div class=\"contact-form__row\">\n    <div class=\"contact-form__input\"><span class=\"wpcf7-form-control-wrap\" data-name=\"your-number\"><input class=\"wpcf7-form-control wpcf7-number wpcf7-validates-as-required wpcf7-validates-as-number\" aria-required=\"true\" aria-invalid=\"false\" placeholder=\"Telefon\" value=\"\" type=\"number\" name=\"your-number\" \/><\/span><\/div>\n<\/div>\n\n<div class=\"contact-form__row\">\n    <div class=\"contact-form__input contact-form__message\"><span class=\"wpcf7-form-control-wrap\" data-name=\"message\"><textarea cols=\"40\" rows=\"10\" maxlength=\"2000\" class=\"wpcf7-form-control wpcf7-textarea wpcf7-validates-as-required\" aria-required=\"true\" aria-invalid=\"false\" placeholder=\"Write a message\" name=\"message\"><\/textarea><\/span><\/div>\n<\/div>\n\n<div class=\"contact-form__row contact-form__row--submit\">\n    <div class=\"contact-form__submit contact-form__submit--center\">\n    <input class=\"wpcf7-form-control wpcf7-submit has-spinner\" type=\"submit\" value=\"Send\" \/>\n    <\/div>\n<\/div>\n\n<\/div><div class=\"wpcf7-response-output\" aria-hidden=\"true\"><\/div>\n<input type=\"hidden\" name=\"trp-form-language\" value=\"en\"\/><\/form>\n<\/div>\n<\/div>\n\t\t\t\t<\/div>\n\t\t\t\t<\/div>\n\t\t\t\t<\/div>\n\t\t\t\t<\/div>\n\t\t\t\t\t<\/div>\n\t\t\t\t<\/div>\n\t\t\t\t<\/div>","protected":false},"excerpt":{"rendered":"<p>Biziml\u0259 \u0259laq\u0259 Biziml\u0259 \u0259laq\u0259 saxlay\u0131n \u00dcnvan H\u0259zi Aslanov 118, Bak\u0131, Az\u0259rbaycan Ke\u00e7id et \u018flaq\u0259 Mobil: +994 50 760 40 05 E-mail: shop@print.az \u0130\u015f saatlar\u0131 B.e &#8211; C.a: 09:00 &#8211; 18:00 \u015e: 10:00 &#8211; 16:00 Mesaj yaz<\/p>","protected":false},"author":1,"featured_media":0,"parent":0,"menu_order":0,"comment_status":"closed","ping_status":"closed","template":"","meta":{"footnotes":""},"class_list":["post-13405","page","type-page","status-publish","hentry"],"yoast_head":"<!-- This site is optimized with the Yoast SEO plugin v24.9 - https:\/\/yoast.com\/wordpress\/plugins\/seo\/ -->\n<title>Biziml\u0259 \u0259laq\u0259 - Print.az<\/title>\n<meta name=\"robots\" content=\"index, follow, max-snippet:-1, max-image-preview:large, max-video-preview:-1\" \/>\n<link rel=\"canonical\" href=\"https:\/\/shop.print.az\/en\/contact-us\/\" \/>\n<meta property=\"og:locale\" content=\"en_US\" \/>\n<meta property=\"og:type\" content=\"article\" \/>\n<meta property=\"og:title\" content=\"Biziml\u0259 \u0259laq\u0259 - Print.az\" \/>\n<meta property=\"og:description\" content=\"Biziml\u0259 \u0259laq\u0259 Biziml\u0259 \u0259laq\u0259 saxlay\u0131n \u00dcnvan H\u0259zi Aslanov 118, Bak\u0131, Az\u0259rbaycan Ke\u00e7id et \u018flaq\u0259 Mobil: +994 50 760 40 05 E-mail: shop@print.az \u0130\u015f saatlar\u0131 B.e &#8211; C.a: 09:00 &#8211; 18:00 \u015e: 10:00 &#8211; 16:00 Mesaj yaz\" \/>\n<meta property=\"og:url\" content=\"https:\/\/shop.print.az\/en\/contact-us\/\" \/>\n<meta property=\"og:site_name\" content=\"Print.az\" \/>\n<meta property=\"article:modified_time\" content=\"2025-08-04T10:50:37+00:00\" \/>\n<meta name=\"twitter:card\" content=\"summary_large_image\" \/>\n<meta name=\"twitter:label1\" content=\"Est. reading time\" \/>\n\t<meta name=\"twitter:data1\" content=\"1 minute\" \/>\n<script type=\"application\/ld+json\" class=\"yoast-schema-graph\">{\"@context\":\"https:\/\/schema.org\",\"@graph\":[{\"@type\":\"WebPage\",\"@id\":\"https:\/\/shop.print.az\/contact-us\/\",\"url\":\"https:\/\/shop.print.az\/contact-us\/\",\"name\":\"Biziml\u0259 \u0259laq\u0259 - Print.az\",\"isPartOf\":{\"@id\":\"https:\/\/shop.print.az\/#website\"},\"datePublished\":\"2023-12-25T07:30:40+00:00\",\"dateModified\":\"2025-08-04T10:50:37+00:00\",\"breadcrumb\":{\"@id\":\"https:\/\/shop.print.az\/contact-us\/#breadcrumb\"},\"inLanguage\":\"en-US\",\"potentialAction\":[{\"@type\":\"ReadAction\",\"target\":[\"https:\/\/shop.print.az\/contact-us\/\"]}]},{\"@type\":\"BreadcrumbList\",\"@id\":\"https:\/\/shop.print.az\/contact-us\/#breadcrumb\",\"itemListElement\":[{\"@type\":\"ListItem\",\"position\":1,\"name\":\"Home\",\"item\":\"https:\/\/shop.print.az\/\"},{\"@type\":\"ListItem\",\"position\":2,\"name\":\"Biziml\u0259 \u0259laq\u0259\"}]},{\"@type\":\"WebSite\",\"@id\":\"https:\/\/shop.print.az\/#website\",\"url\":\"https:\/\/shop.print.az\/\",\"name\":\"Print.az\",\"description\":\"Shop\",\"publisher\":{\"@id\":\"https:\/\/shop.print.az\/#organization\"},\"potentialAction\":[{\"@type\":\"SearchAction\",\"target\":{\"@type\":\"EntryPoint\",\"urlTemplate\":\"https:\/\/shop.print.az\/?s={search_term_string}\"},\"query-input\":{\"@type\":\"PropertyValueSpecification\",\"valueRequired\":true,\"valueName\":\"search_term_string\"}}],\"inLanguage\":\"en-US\"},{\"@type\":\"Organization\",\"@id\":\"https:\/\/shop.print.az\/#organization\",\"name\":\"Print.az\",\"url\":\"https:\/\/shop.print.az\/\",\"logo\":{\"@type\":\"ImageObject\",\"inLanguage\":\"en-US\",\"@id\":\"https:\/\/shop.print.az\/#\/schema\/logo\/image\/\",\"url\":\"https:\/\/shop.print.az\/wp-content\/uploads\/2023\/12\/logob.png\",\"contentUrl\":\"https:\/\/shop.print.az\/wp-content\/uploads\/2023\/12\/logob.png\",\"width\":964,\"height\":212,\"caption\":\"Print.az\"},\"image\":{\"@id\":\"https:\/\/shop.print.az\/#\/schema\/logo\/image\/\"}}]}<\/script>\n<!-- \/ Yoast SEO plugin. -->","yoast_head_json":{"title":"Biziml\u0259 \u0259laq\u0259 - Print.az","robots":{"index":"index","follow":"follow","max-snippet":"max-snippet:-1","max-image-preview":"max-image-preview:large","max-video-preview":"max-video-preview:-1"},"canonical":"https:\/\/shop.print.az\/en\/contact-us\/","og_locale":"en_US","og_type":"article","og_title":"Biziml\u0259 \u0259laq\u0259 - Print.az","og_description":"Biziml\u0259 \u0259laq\u0259 Biziml\u0259 \u0259laq\u0259 saxlay\u0131n \u00dcnvan H\u0259zi Aslanov 118, Bak\u0131, Az\u0259rbaycan Ke\u00e7id et \u018flaq\u0259 Mobil: +994 50 760 40 05 E-mail: shop@print.az \u0130\u015f saatlar\u0131 B.e &#8211; C.a: 09:00 &#8211; 18:00 \u015e: 10:00 &#8211; 16:00 Mesaj yaz","og_url":"https:\/\/shop.print.az\/en\/contact-us\/","og_site_name":"Print.az","article_modified_time":"2025-08-04T10:50:37+00:00","twitter_card":"summary_large_image","twitter_misc":{"Est. reading time":"1 minute"},"schema":{"@context":"https:\/\/schema.org","@graph":[{"@type":"WebPage","@id":"https:\/\/shop.print.az\/contact-us\/","url":"https:\/\/shop.print.az\/contact-us\/","name":"Biziml\u0259 \u0259laq\u0259 - Print.az","isPartOf":{"@id":"https:\/\/shop.print.az\/#website"},"datePublished":"2023-12-25T07:30:40+00:00","dateModified":"2025-08-04T10:50:37+00:00","breadcrumb":{"@id":"https:\/\/shop.print.az\/contact-us\/#breadcrumb"},"inLanguage":"en-US","potentialAction":[{"@type":"ReadAction","target":["https:\/\/shop.print.az\/contact-us\/"]}]},{"@type":"BreadcrumbList","@id":"https:\/\/shop.print.az\/contact-us\/#breadcrumb","itemListElement":[{"@type":"ListItem","position":1,"name":"Home","item":"https:\/\/shop.print.az\/"},{"@type":"ListItem","position":2,"name":"Biziml\u0259 \u0259laq\u0259"}]},{"@type":"WebSite","@id":"https:\/\/shop.print.az\/#website","url":"https:\/\/shop.print.az\/","name":"Print.az","description":"Shop","publisher":{"@id":"https:\/\/shop.print.az\/#organization"},"potentialAction":[{"@type":"SearchAction","target":{"@type":"EntryPoint","urlTemplate":"https:\/\/shop.print.az\/?s={search_term_string}"},"query-input":{"@type":"PropertyValueSpecification","valueRequired":true,"valueName":"search_term_string"}}],"inLanguage":"en-US"},{"@type":"Organization","@id":"https:\/\/shop.print.az\/#organization","name":"Print.az","url":"https:\/\/shop.print.az\/","logo":{"@type":"ImageObject","inLanguage":"en-US","@id":"https:\/\/shop.print.az\/#\/schema\/logo\/image\/","url":"https:\/\/shop.print.az\/wp-content\/uploads\/2023\/12\/logob.png","contentUrl":"https:\/\/shop.print.az\/wp-content\/uploads\/2023\/12\/logob.png","width":964,"height":212,"caption":"Print.az"},"image":{"@id":"https:\/\/shop.print.az\/#\/schema\/logo\/image\/"}}]}},"_links":{"self":[{"href":"https:\/\/shop.print.az\/en\/wp-json\/wp\/v2\/pages\/13405","targetHints":{"allow":["GET"]}}],"collection":[{"href":"https:\/\/shop.print.az\/en\/wp-json\/wp\/v2\/pages"}],"about":[{"href":"https:\/\/shop.print.az\/en\/wp-json\/wp\/v2\/types\/page"}],"author":[{"embeddable":true,"href":"https:\/\/shop.print.az\/en\/wp-json\/wp\/v2\/users\/1"}],"replies":[{"embeddable":true,"href":"https:\/\/shop.print.az\/en\/wp-json\/wp\/v2\/comments?post=13405"}],"version-history":[{"count":18,"href":"https:\/\/shop.print.az\/en\/wp-json\/wp\/v2\/pages\/13405\/revisions"}],"predecessor-version":[{"id":16428,"href":"https:\/\/shop.print.az\/en\/wp-json\/wp\/v2\/pages\/13405\/revisions\/16428"}],"wp:attachment":[{"href":"https:\/\/shop.print.az\/en\/wp-json\/wp\/v2\/media?parent=13405"}],"curies":[{"name":"wp","href":"https:\/\/api.w.org\/{rel}","templated":true}]}}