{"id":13409,"date":"2023-12-25T07:31:48","date_gmt":"2023-12-25T07:31:48","guid":{"rendered":"https:\/\/printspace.harutheme.com\/demand\/?page_id=13409"},"modified":"2024-06-09T16:52:55","modified_gmt":"2024-06-09T16:52:55","slug":"faqs","status":"publish","type":"page","link":"https:\/\/shop.print.az\/en\/faqs\/","title":{"rendered":"FAQ"},"content":{"rendered":"<div data-elementor-type=\"wp-page\" data-elementor-id=\"13409\" class=\"elementor elementor-13409\">\n\t\t\t\t<div class=\"elementor-element elementor-element-731869b e-flex e-con-boxed e-con e-parent\" data-id=\"731869b\" data-element_type=\"container\">\n\t\t\t\t\t<div class=\"e-con-inner\">\n\t\t<div class=\"elementor-element elementor-element-dfb074f e-con-full e-flex e-con e-child\" data-id=\"dfb074f\" data-element_type=\"container\">\n\t\t\t\t<div class=\"elementor-element elementor-element-93bbbc7 elementor-widget elementor-widget-haru-heading\" data-id=\"93bbbc7\" data-element_type=\"widget\" data-widget_type=\"haru-heading.default\">\n\t\t\t\t<div class=\"elementor-widget-container\">\n\t\t\t<h2 class=\"haru-heading-title haru-heading-title--sub-heading-5\">FAQ<\/h2>\t\t<\/div>\n\t\t\t\t<\/div>\n\t\t\t\t<div class=\"elementor-element elementor-element-fad22f6 elementor-widget elementor-widget-haru-heading\" data-id=\"fad22f6\" data-element_type=\"widget\" data-widget_type=\"haru-heading.default\">\n\t\t\t\t<div class=\"elementor-widget-container\">\n\t\t\t<h2 class=\"haru-heading-title haru-heading-title--heading-2\">Frequently asked questions<\/h2>\t\t<\/div>\n\t\t\t\t<\/div>\n\t\t\t\t<\/div>\n\t\t\t\t\t<\/div>\n\t\t\t\t<\/div>\n\t\t<div class=\"elementor-element elementor-element-026747b e-flex e-con-boxed e-con e-parent\" data-id=\"026747b\" data-element_type=\"container\">\n\t\t\t\t\t<div class=\"e-con-inner\">\n\t\t<div class=\"elementor-element elementor-element-496ed8d e-con-full e-flex e-con e-child\" data-id=\"496ed8d\" data-element_type=\"container\">\n\t\t<div class=\"elementor-element elementor-element-7424567 e-con-full e-flex e-con e-child\" data-id=\"7424567\" data-element_type=\"container\">\n\t\t<div class=\"elementor-element elementor-element-770e8e9 e-con-full e-flex e-con e-child\" data-id=\"770e8e9\" data-element_type=\"container\">\n\t\t<div class=\"elementor-element elementor-element-10c1a22 e-con-full e-flex e-con e-child\" data-id=\"10c1a22\" data-element_type=\"container\">\n\t\t\t\t<div class=\"elementor-element elementor-element-10e7dae elementor-widget__width-initial elementor-absolute elementor-widget elementor-widget-image\" data-id=\"10e7dae\" data-element_type=\"widget\" data-settings=\"{&quot;_position&quot;:&quot;absolute&quot;}\" data-widget_type=\"image.default\">\n\t\t\t\t<div class=\"elementor-widget-container\">\n\t\t\t\t\t\t\t\t\t\t\t\t\t<img fetchpriority=\"high\" decoding=\"async\" width=\"353\" height=\"153\" src=\"https:\/\/shop.print.az\/wp-content\/uploads\/2023\/12\/banner-6-sdetail-6.png\" class=\"attachment-full size-full wp-image-13699\" alt=\"\" srcset=\"https:\/\/shop.print.az\/wp-content\/uploads\/2023\/12\/banner-6-sdetail-6.png 353w, https:\/\/shop.print.az\/wp-content\/uploads\/2023\/12\/banner-6-sdetail-6-300x130.png 300w\" sizes=\"(max-width: 353px) 100vw, 353px\" \/>\t\t\t\t\t\t\t\t\t\t\t\t\t<\/div>\n\t\t\t\t<\/div>\n\t\t\t\t<div class=\"elementor-element elementor-element-6c53cad elementor-absolute elementor-widget elementor-widget-haru-text-label\" data-id=\"6c53cad\" data-element_type=\"widget\" data-settings=\"{&quot;_position&quot;:&quot;absolute&quot;}\" data-widget_type=\"haru-text-label.default\">\n\t\t\t\t<div class=\"elementor-widget-container\">\n\t\t\t\n        \t\t        \t<div id=\"haru-text-label-6c53cad\" class=\"haru-text-label haru-text-label--style-8 border-radius-e\">\n\t        \t\t<div class=\"haru-text-label__content\">\n\t\t\t<div class=\"haru-text-label__title\"><span>Discover products<\/span><\/div>\n\t  \t<\/div>\n\n\n\n\t    \t\t<\/div>\n    \t\t\n    \t\t\t\t<\/div>\n\t\t\t\t<\/div>\n\t\t\t\t<div class=\"elementor-element elementor-element-c1ae7d7 elementor-widget elementor-widget-haru-banner\" data-id=\"c1ae7d7\" data-element_type=\"widget\" data-widget_type=\"haru-banner.default\">\n\t\t\t\t<div class=\"elementor-widget-container\">\n\t\t\t\n                            <div class=\"haru-banner haru-banner--style-0 haru-banner--hover-scale\">\n                    \n\t\t\t<a class=\"\" href=\"https:\/\/printspace.harutheme.com\/demand\/shop\/\" >\n\t\t\t\t<div class=\"haru-banner__image\">\n\t\t\t\t<img decoding=\"async\" src=\"https:\/\/printspace.harutheme.com\/demand\/wp-content\/uploads\/2023\/12\/banner-6-sdetail-7.jpg\" alt=\"Print.az\">\n\t\t\t<\/div>\n\t\t\t<\/a>\n\t\n\n\n\n\n\n\n\n\n\n\n\n\n\n\n\n\n                <\/div>\n            \n            \t\t<\/div>\n\t\t\t\t<\/div>\n\t\t\t\t<\/div>\n\t\t<div class=\"elementor-element elementor-element-c11394d e-con-full e-flex e-con e-child\" data-id=\"c11394d\" data-element_type=\"container\">\n\t\t\t\t<div class=\"elementor-element elementor-element-5c8f0eb elementor-widget elementor-widget-haru-banner\" data-id=\"5c8f0eb\" data-element_type=\"widget\" data-widget_type=\"haru-banner.default\">\n\t\t\t\t<div class=\"elementor-widget-container\">\n\t\t\t\n                            <div class=\"haru-banner haru-banner--style-0 haru-banner--hover-scale\">\n                    \n\t\t\t<a class=\"\" href=\"https:\/\/printspace.harutheme.com\/demand\/shop\/\" >\n\t\t\t\t<div class=\"haru-banner__image\">\n\t\t\t\t<img decoding=\"async\" src=\"https:\/\/printspace.harutheme.com\/demand\/wp-content\/uploads\/2023\/12\/banner-6-sdetail-8.jpg\" alt=\"Print.az\">\n\t\t\t<\/div>\n\t\t\t<\/a>\n\t\n\n\n\n\n\n\n\n\n\n\n\n\n\n\n\n\n                <\/div>\n            \n            \t\t<\/div>\n\t\t\t\t<\/div>\n\t\t\t\t<\/div>\n\t\t\t\t<\/div>\n\t\t\t\t<\/div>\n\t\t\t\t<\/div>\n\t\t<div class=\"elementor-element elementor-element-5427499 e-con-full e-flex e-con e-child\" data-id=\"5427499\" data-element_type=\"container\">\n\t\t\t\t<div class=\"elementor-element elementor-element-4c8d0a8 elementor-widget elementor-widget-haru-accordion\" data-id=\"4c8d0a8\" data-element_type=\"widget\" data-widget_type=\"haru-accordion.default\">\n\t\t\t\t<div class=\"elementor-widget-container\">\n\t\t\t\n                          <!--   <div class=\"haru-accordion haru-accordion--style-3 skin-4-gray\" role=\"tablist\">\n                                    <\/div> -->\n                <div class=\"haru-accordion haru-accordion--style-3 skin-4-gray\" role=\"tablist\">\n                    \n                                            <div class=\"haru-accordion-item active\">\n                            <div id=\"haru-tab-title-8021\" class=\"haru-tab-title active\" data-tab=\"1\" role=\"tab\" aria-controls=\"haru-tab-content-8021\">\n                                                                    <span class=\"haru-accordion-icon haru-accordion-icon-right\" aria-hidden=\"true\">\n                                                                            <span class=\"haru-accordion-icon-closed\"><i class=\"phosphor phosphor-caret-down\"><\/i><\/span>\n                                        <span class=\"haru-accordion-icon-opened\"><i class=\"phosphor phosphor-caret-up\"><\/i><\/span>\n                                                                        <\/span>\n                                                                <a class=\"haru-accordion-title\" href=\"\">How can I place an order?<\/a>\n                            <\/div>\n                            <div id=\"haru-tab-content-8021\" class=\"haru-tab-content haru-clearfix active\" data-tab=\"1\" aria-labelledby=\"haru-tab-title-8021\"><p>Ordering at Shop.Print.az is very simple! Just browse our product catalog, select the product you want, customize it to your liking, add it to your cart, and when you're ready, proceed to checkout. Fill in your shipping and payment information, place your order, and you'll receive a confirmation email shortly.<\/p><\/div>\n                        <\/div>\n                                            <div class=\"haru-accordion-item\">\n                            <div id=\"haru-tab-title-8022\" class=\"haru-tab-title\" data-tab=\"2\" role=\"tab\" aria-controls=\"haru-tab-content-8022\">\n                                                                    <span class=\"haru-accordion-icon haru-accordion-icon-right\" aria-hidden=\"true\">\n                                                                            <span class=\"haru-accordion-icon-closed\"><i class=\"phosphor phosphor-caret-down\"><\/i><\/span>\n                                        <span class=\"haru-accordion-icon-opened\"><i class=\"phosphor phosphor-caret-up\"><\/i><\/span>\n                                                                        <\/span>\n                                                                <a class=\"haru-accordion-title\" href=\"\">What payment types do you accept?<\/a>\n                            <\/div>\n                            <div id=\"haru-tab-content-8022\" class=\"haru-tab-content haru-clearfix\" data-tab=\"2\" aria-labelledby=\"haru-tab-title-8022\"><p>We accept all major credit cards, debit cards and various online payment methods available in Azerbaijan, providing a secure transaction process for your convenience.<\/p><\/div>\n                        <\/div>\n                                            <div class=\"haru-accordion-item\">\n                            <div id=\"haru-tab-title-8023\" class=\"haru-tab-title\" data-tab=\"3\" role=\"tab\" aria-controls=\"haru-tab-content-8023\">\n                                                                    <span class=\"haru-accordion-icon haru-accordion-icon-right\" aria-hidden=\"true\">\n                                                                            <span class=\"haru-accordion-icon-closed\"><i class=\"phosphor phosphor-caret-down\"><\/i><\/span>\n                                        <span class=\"haru-accordion-icon-opened\"><i class=\"phosphor phosphor-caret-up\"><\/i><\/span>\n                                                                        <\/span>\n                                                                <a class=\"haru-accordion-title\" href=\"\">Can I customize my order?<\/a>\n                            <\/div>\n                            <div id=\"haru-tab-content-8023\" class=\"haru-tab-content haru-clearfix\" data-tab=\"3\" aria-labelledby=\"haru-tab-title-8023\"><p>Absolutely! Customization is what we specialize in. Depending on the product, you have multiple customization options. Check the available options on each product page.<\/p><\/div>\n                        <\/div>\n                                            <div class=\"haru-accordion-item\">\n                            <div id=\"haru-tab-title-8024\" class=\"haru-tab-title\" data-tab=\"4\" role=\"tab\" aria-controls=\"haru-tab-content-8024\">\n                                                                    <span class=\"haru-accordion-icon haru-accordion-icon-right\" aria-hidden=\"true\">\n                                                                            <span class=\"haru-accordion-icon-closed\"><i class=\"phosphor phosphor-caret-down\"><\/i><\/span>\n                                        <span class=\"haru-accordion-icon-opened\"><i class=\"phosphor phosphor-caret-up\"><\/i><\/span>\n                                                                        <\/span>\n                                                                <a class=\"haru-accordion-title\" href=\"\">How long does delivery take?<\/a>\n                            <\/div>\n                            <div id=\"haru-tab-content-8024\" class=\"haru-tab-content haru-clearfix\" data-tab=\"4\" aria-labelledby=\"haru-tab-title-8024\"><p>Delivery within Azerbaijan is usually made within 2-3 working days. For custom orders, the process may take a little longer and we will keep you informed every step of the way.<\/p><\/div>\n                        <\/div>\n                                            <div class=\"haru-accordion-item\">\n                            <div id=\"haru-tab-title-8025\" class=\"haru-tab-title\" data-tab=\"5\" role=\"tab\" aria-controls=\"haru-tab-content-8025\">\n                                                                    <span class=\"haru-accordion-icon haru-accordion-icon-right\" aria-hidden=\"true\">\n                                                                            <span class=\"haru-accordion-icon-closed\"><i class=\"phosphor phosphor-caret-down\"><\/i><\/span>\n                                        <span class=\"haru-accordion-icon-opened\"><i class=\"phosphor phosphor-caret-up\"><\/i><\/span>\n                                                                        <\/span>\n                                                                <a class=\"haru-accordion-title\" href=\"\">What is your return policy?<\/a>\n                            <\/div>\n                            <div id=\"haru-tab-content-8025\" class=\"haru-tab-content haru-clearfix\" data-tab=\"5\" aria-labelledby=\"haru-tab-title-8025\"><p>We accept returns on most new condition items within 14 days of receipt. Custom made items can only be returned if they are defective or damaged. Please visit our Shipping &amp; Returns policy page for more details.<\/p><\/div>\n                        <\/div>\n                                            <div class=\"haru-accordion-item\">\n                            <div id=\"haru-tab-title-8026\" class=\"haru-tab-title\" data-tab=\"6\" role=\"tab\" aria-controls=\"haru-tab-content-8026\">\n                                                                    <span class=\"haru-accordion-icon haru-accordion-icon-right\" aria-hidden=\"true\">\n                                                                            <span class=\"haru-accordion-icon-closed\"><i class=\"phosphor phosphor-caret-down\"><\/i><\/span>\n                                        <span class=\"haru-accordion-icon-opened\"><i class=\"phosphor phosphor-caret-up\"><\/i><\/span>\n                                                                        <\/span>\n                                                                <a class=\"haru-accordion-title\" href=\"\">How can I track my order?<\/a>\n                            <\/div>\n                            <div id=\"haru-tab-content-8026\" class=\"haru-tab-content haru-clearfix\" data-tab=\"6\" aria-labelledby=\"haru-tab-title-8026\"><p>Once your order has been shipped, we will send you a tracking number via email. You can use this number to track the progress of your order directly to your door.<\/p><\/div>\n                        <\/div>\n                    \n                    \n                    \n                                    <\/div>\n                \n            \n            \t\t<\/div>\n\t\t\t\t<\/div>\n\t\t\t\t<\/div>\n\t\t\t\t\t<\/div>\n\t\t\t\t<\/div>\n\t\t\t\t<\/div>","protected":false},"excerpt":{"rendered":"<p>FAQ Tez-tez soru\u015fulan suallar M\u0259hsullar\u0131 k\u0259\u015ff et Sifari\u015fi nec\u0259 ver\u0259 bil\u0259r\u0259m? Shop.Print.az-da sifari\u015f verm\u0259k \u00e7ox sad\u0259dir! Sad\u0259c\u0259 m\u0259hsul kataloqumuzu g\u00f6zd\u0259n ke\u00e7irin, ist\u0259diyiniz m\u0259hsulu se\u00e7in, onu \u00f6z z\u00f6vq\u00fcn\u00fcz\u0259 uy\u011funla\u015fd\u0131r\u0131n, s\u0259b\u0259tiniz\u0259 \u0259lav\u0259 edin v\u0259 haz\u0131r olduqdan sonra \u00f6d\u0259ni\u015f\u0259 davam edin. G\u00f6nd\u0259rm\u0259 v\u0259 \u00f6d\u0259ni\u015f m\u0259lumatlar\u0131n\u0131z\u0131 doldurun, sifari\u015finizi yerl\u0259\u015fdirin v\u0259 tezlikl\u0259 t\u0259sdiq e-po\u00e7tu alacaqs\u0131n\u0131z. Hans\u0131 \u00f6d\u0259ni\u015f n\u00f6vl\u0259rini q\u0259bul edirsiniz? [&hellip;]<\/p>","protected":false},"author":1,"featured_media":0,"parent":0,"menu_order":0,"comment_status":"closed","ping_status":"closed","template":"","meta":{"footnotes":""},"class_list":["post-13409","page","type-page","status-publish","hentry"],"yoast_head":"<!-- This site is optimized with the Yoast SEO plugin v24.9 - https:\/\/yoast.com\/wordpress\/plugins\/seo\/ -->\n<title>FAQ - Print.az<\/title>\n<meta name=\"robots\" content=\"index, follow, max-snippet:-1, max-image-preview:large, max-video-preview:-1\" \/>\n<link rel=\"canonical\" href=\"https:\/\/shop.print.az\/en\/faqs\/\" \/>\n<meta property=\"og:locale\" content=\"en_US\" \/>\n<meta property=\"og:type\" content=\"article\" \/>\n<meta property=\"og:title\" content=\"FAQ - Print.az\" \/>\n<meta property=\"og:description\" content=\"FAQ Tez-tez soru\u015fulan suallar M\u0259hsullar\u0131 k\u0259\u015ff et Sifari\u015fi nec\u0259 ver\u0259 bil\u0259r\u0259m? Shop.Print.az-da sifari\u015f verm\u0259k \u00e7ox sad\u0259dir! Sad\u0259c\u0259 m\u0259hsul kataloqumuzu g\u00f6zd\u0259n ke\u00e7irin, ist\u0259diyiniz m\u0259hsulu se\u00e7in, onu \u00f6z z\u00f6vq\u00fcn\u00fcz\u0259 uy\u011funla\u015fd\u0131r\u0131n, s\u0259b\u0259tiniz\u0259 \u0259lav\u0259 edin v\u0259 haz\u0131r olduqdan sonra \u00f6d\u0259ni\u015f\u0259 davam edin. G\u00f6nd\u0259rm\u0259 v\u0259 \u00f6d\u0259ni\u015f m\u0259lumatlar\u0131n\u0131z\u0131 doldurun, sifari\u015finizi yerl\u0259\u015fdirin v\u0259 tezlikl\u0259 t\u0259sdiq e-po\u00e7tu alacaqs\u0131n\u0131z. Hans\u0131 \u00f6d\u0259ni\u015f n\u00f6vl\u0259rini q\u0259bul edirsiniz? [&hellip;]\" \/>\n<meta property=\"og:url\" content=\"https:\/\/shop.print.az\/en\/faqs\/\" \/>\n<meta property=\"og:site_name\" content=\"Print.az\" \/>\n<meta property=\"article:modified_time\" content=\"2024-06-09T16:52:55+00:00\" \/>\n<meta property=\"og:image\" content=\"https:\/\/shop.print.az\/wp-content\/uploads\/2023\/12\/banner-6-sdetail-6.png\" \/>\n<meta name=\"twitter:card\" content=\"summary_large_image\" \/>\n<meta name=\"twitter:label1\" content=\"Est. reading time\" \/>\n\t<meta name=\"twitter:data1\" content=\"2 minutes\" \/>\n<script type=\"application\/ld+json\" class=\"yoast-schema-graph\">{\"@context\":\"https:\/\/schema.org\",\"@graph\":[{\"@type\":\"WebPage\",\"@id\":\"https:\/\/shop.print.az\/faqs\/\",\"url\":\"https:\/\/shop.print.az\/faqs\/\",\"name\":\"FAQ - Print.az\",\"isPartOf\":{\"@id\":\"https:\/\/shop.print.az\/#website\"},\"primaryImageOfPage\":{\"@id\":\"https:\/\/shop.print.az\/faqs\/#primaryimage\"},\"image\":{\"@id\":\"https:\/\/shop.print.az\/faqs\/#primaryimage\"},\"thumbnailUrl\":\"https:\/\/shop.print.az\/wp-content\/uploads\/2023\/12\/banner-6-sdetail-6.png\",\"datePublished\":\"2023-12-25T07:31:48+00:00\",\"dateModified\":\"2024-06-09T16:52:55+00:00\",\"breadcrumb\":{\"@id\":\"https:\/\/shop.print.az\/faqs\/#breadcrumb\"},\"inLanguage\":\"en-US\",\"potentialAction\":[{\"@type\":\"ReadAction\",\"target\":[\"https:\/\/shop.print.az\/faqs\/\"]}]},{\"@type\":\"ImageObject\",\"inLanguage\":\"en-US\",\"@id\":\"https:\/\/shop.print.az\/faqs\/#primaryimage\",\"url\":\"https:\/\/shop.print.az\/wp-content\/uploads\/2023\/12\/banner-6-sdetail-6.png\",\"contentUrl\":\"https:\/\/shop.print.az\/wp-content\/uploads\/2023\/12\/banner-6-sdetail-6.png\"},{\"@type\":\"BreadcrumbList\",\"@id\":\"https:\/\/shop.print.az\/faqs\/#breadcrumb\",\"itemListElement\":[{\"@type\":\"ListItem\",\"position\":1,\"name\":\"Home\",\"item\":\"https:\/\/shop.print.az\/\"},{\"@type\":\"ListItem\",\"position\":2,\"name\":\"FAQ\"}]},{\"@type\":\"WebSite\",\"@id\":\"https:\/\/shop.print.az\/#website\",\"url\":\"https:\/\/shop.print.az\/\",\"name\":\"Print.az\",\"description\":\"Shop\",\"publisher\":{\"@id\":\"https:\/\/shop.print.az\/#organization\"},\"potentialAction\":[{\"@type\":\"SearchAction\",\"target\":{\"@type\":\"EntryPoint\",\"urlTemplate\":\"https:\/\/shop.print.az\/?s={search_term_string}\"},\"query-input\":{\"@type\":\"PropertyValueSpecification\",\"valueRequired\":true,\"valueName\":\"search_term_string\"}}],\"inLanguage\":\"en-US\"},{\"@type\":\"Organization\",\"@id\":\"https:\/\/shop.print.az\/#organization\",\"name\":\"Print.az\",\"url\":\"https:\/\/shop.print.az\/\",\"logo\":{\"@type\":\"ImageObject\",\"inLanguage\":\"en-US\",\"@id\":\"https:\/\/shop.print.az\/#\/schema\/logo\/image\/\",\"url\":\"https:\/\/shop.print.az\/wp-content\/uploads\/2023\/12\/logob.png\",\"contentUrl\":\"https:\/\/shop.print.az\/wp-content\/uploads\/2023\/12\/logob.png\",\"width\":964,\"height\":212,\"caption\":\"Print.az\"},\"image\":{\"@id\":\"https:\/\/shop.print.az\/#\/schema\/logo\/image\/\"}}]}<\/script>\n<!-- \/ Yoast SEO plugin. -->","yoast_head_json":{"title":"FAQ - Print.az","robots":{"index":"index","follow":"follow","max-snippet":"max-snippet:-1","max-image-preview":"max-image-preview:large","max-video-preview":"max-video-preview:-1"},"canonical":"https:\/\/shop.print.az\/en\/faqs\/","og_locale":"en_US","og_type":"article","og_title":"FAQ - Print.az","og_description":"FAQ Tez-tez soru\u015fulan suallar M\u0259hsullar\u0131 k\u0259\u015ff et Sifari\u015fi nec\u0259 ver\u0259 bil\u0259r\u0259m? Shop.Print.az-da sifari\u015f verm\u0259k \u00e7ox sad\u0259dir! Sad\u0259c\u0259 m\u0259hsul kataloqumuzu g\u00f6zd\u0259n ke\u00e7irin, ist\u0259diyiniz m\u0259hsulu se\u00e7in, onu \u00f6z z\u00f6vq\u00fcn\u00fcz\u0259 uy\u011funla\u015fd\u0131r\u0131n, s\u0259b\u0259tiniz\u0259 \u0259lav\u0259 edin v\u0259 haz\u0131r olduqdan sonra \u00f6d\u0259ni\u015f\u0259 davam edin. G\u00f6nd\u0259rm\u0259 v\u0259 \u00f6d\u0259ni\u015f m\u0259lumatlar\u0131n\u0131z\u0131 doldurun, sifari\u015finizi yerl\u0259\u015fdirin v\u0259 tezlikl\u0259 t\u0259sdiq e-po\u00e7tu alacaqs\u0131n\u0131z. Hans\u0131 \u00f6d\u0259ni\u015f n\u00f6vl\u0259rini q\u0259bul edirsiniz? [&hellip;]","og_url":"https:\/\/shop.print.az\/en\/faqs\/","og_site_name":"Print.az","article_modified_time":"2024-06-09T16:52:55+00:00","og_image":[{"url":"https:\/\/shop.print.az\/wp-content\/uploads\/2023\/12\/banner-6-sdetail-6.png","type":"","width":"","height":""}],"twitter_card":"summary_large_image","twitter_misc":{"Est. reading time":"2 minutes"},"schema":{"@context":"https:\/\/schema.org","@graph":[{"@type":"WebPage","@id":"https:\/\/shop.print.az\/faqs\/","url":"https:\/\/shop.print.az\/faqs\/","name":"FAQ - Print.az","isPartOf":{"@id":"https:\/\/shop.print.az\/#website"},"primaryImageOfPage":{"@id":"https:\/\/shop.print.az\/faqs\/#primaryimage"},"image":{"@id":"https:\/\/shop.print.az\/faqs\/#primaryimage"},"thumbnailUrl":"https:\/\/shop.print.az\/wp-content\/uploads\/2023\/12\/banner-6-sdetail-6.png","datePublished":"2023-12-25T07:31:48+00:00","dateModified":"2024-06-09T16:52:55+00:00","breadcrumb":{"@id":"https:\/\/shop.print.az\/faqs\/#breadcrumb"},"inLanguage":"en-US","potentialAction":[{"@type":"ReadAction","target":["https:\/\/shop.print.az\/faqs\/"]}]},{"@type":"ImageObject","inLanguage":"en-US","@id":"https:\/\/shop.print.az\/faqs\/#primaryimage","url":"https:\/\/shop.print.az\/wp-content\/uploads\/2023\/12\/banner-6-sdetail-6.png","contentUrl":"https:\/\/shop.print.az\/wp-content\/uploads\/2023\/12\/banner-6-sdetail-6.png"},{"@type":"BreadcrumbList","@id":"https:\/\/shop.print.az\/faqs\/#breadcrumb","itemListElement":[{"@type":"ListItem","position":1,"name":"Home","item":"https:\/\/shop.print.az\/"},{"@type":"ListItem","position":2,"name":"FAQ"}]},{"@type":"WebSite","@id":"https:\/\/shop.print.az\/#website","url":"https:\/\/shop.print.az\/","name":"Print.az","description":"Shop","publisher":{"@id":"https:\/\/shop.print.az\/#organization"},"potentialAction":[{"@type":"SearchAction","target":{"@type":"EntryPoint","urlTemplate":"https:\/\/shop.print.az\/?s={search_term_string}"},"query-input":{"@type":"PropertyValueSpecification","valueRequired":true,"valueName":"search_term_string"}}],"inLanguage":"en-US"},{"@type":"Organization","@id":"https:\/\/shop.print.az\/#organization","name":"Print.az","url":"https:\/\/shop.print.az\/","logo":{"@type":"ImageObject","inLanguage":"en-US","@id":"https:\/\/shop.print.az\/#\/schema\/logo\/image\/","url":"https:\/\/shop.print.az\/wp-content\/uploads\/2023\/12\/logob.png","contentUrl":"https:\/\/shop.print.az\/wp-content\/uploads\/2023\/12\/logob.png","width":964,"height":212,"caption":"Print.az"},"image":{"@id":"https:\/\/shop.print.az\/#\/schema\/logo\/image\/"}}]}},"_links":{"self":[{"href":"https:\/\/shop.print.az\/en\/wp-json\/wp\/v2\/pages\/13409","targetHints":{"allow":["GET"]}}],"collection":[{"href":"https:\/\/shop.print.az\/en\/wp-json\/wp\/v2\/pages"}],"about":[{"href":"https:\/\/shop.print.az\/en\/wp-json\/wp\/v2\/types\/page"}],"author":[{"embeddable":true,"href":"https:\/\/shop.print.az\/en\/wp-json\/wp\/v2\/users\/1"}],"replies":[{"embeddable":true,"href":"https:\/\/shop.print.az\/en\/wp-json\/wp\/v2\/comments?post=13409"}],"version-history":[{"count":17,"href":"https:\/\/shop.print.az\/en\/wp-json\/wp\/v2\/pages\/13409\/revisions"}],"predecessor-version":[{"id":15838,"href":"https:\/\/shop.print.az\/en\/wp-json\/wp\/v2\/pages\/13409\/revisions\/15838"}],"wp:attachment":[{"href":"https:\/\/shop.print.az\/en\/wp-json\/wp\/v2\/media?parent=13409"}],"curies":[{"name":"wp","href":"https:\/\/api.w.org\/{rel}","templated":true}]}}