{"id":14830,"date":"2024-03-17T14:26:00","date_gmt":"2024-03-17T14:26:00","guid":{"rendered":"https:\/\/shop.print.az\/?page_id=14830"},"modified":"2024-06-09T15:47:57","modified_gmt":"2024-06-09T15:47:57","slug":"testimonials","status":"publish","type":"page","link":"https:\/\/shop.print.az\/en\/testimonials\/","title":{"rendered":"Testimonials"},"content":{"rendered":"<div data-elementor-type=\"wp-page\" data-elementor-id=\"14830\" class=\"elementor elementor-14830\">\n\t\t\t\t<div class=\"elementor-element elementor-element-e36f0c9 e-flex e-con-boxed e-con e-parent\" data-id=\"e36f0c9\" data-element_type=\"container\">\n\t\t\t\t\t<div class=\"e-con-inner\">\n\t\t<div class=\"elementor-element elementor-element-85bcf76 e-con-full e-flex e-con e-child\" data-id=\"85bcf76\" data-element_type=\"container\">\n\t\t\t\t<div class=\"elementor-element elementor-element-80846b5 elementor-widget elementor-widget-haru-heading\" data-id=\"80846b5\" data-element_type=\"widget\" data-widget_type=\"haru-heading.default\">\n\t\t\t\t<div class=\"elementor-widget-container\">\n\t\t\t<h2 class=\"haru-heading-title haru-heading-title--sub-heading-5\">Testimonials<\/h2>\t\t<\/div>\n\t\t\t\t<\/div>\n\t\t\t\t<div class=\"elementor-element elementor-element-f0c818d elementor-widget elementor-widget-haru-heading\" data-id=\"f0c818d\" data-element_type=\"widget\" data-widget_type=\"haru-heading.default\">\n\t\t\t\t<div class=\"elementor-widget-container\">\n\t\t\t<h2 class=\"haru-heading-title haru-heading-title--heading-2\">M\u00fc\u015ft\u0259ril\u0259rd\u0259n r\u0259yl\u0259r<\/h2>\t\t<\/div>\n\t\t\t\t<\/div>\n\t\t\t\t<\/div>\n\t\t\t\t\t<\/div>\n\t\t\t\t<\/div>\n\t\t<div class=\"elementor-element elementor-element-eb53ca0 e-flex e-con-boxed e-con e-parent\" data-id=\"eb53ca0\" data-element_type=\"container\">\n\t\t\t\t\t<div class=\"e-con-inner\">\n\t\t<div class=\"elementor-element elementor-element-c4a136e e-con-full e-flex e-con e-child\" data-id=\"c4a136e\" data-element_type=\"container\">\n\t\t\t\t<div class=\"elementor-element elementor-element-4045cb2 elementor-widget elementor-widget-haru-testimonial\" data-id=\"4045cb2\" data-element_type=\"widget\" data-widget_type=\"haru-testimonial.default\">\n\t\t\t\t<div class=\"elementor-widget-container\">\n\t\t\t\n                            <div class=\"haru-testimonial haru-testimonial--slick-11\">\n                      \n  \n  \n  \n  \n  \n  \n  \n  \n  \n  \n  \n  \n  \n  \n      <ul class=\"haru-testimonial__list haru-slick haru-slick--nav-border haru-slick--nav-top-right haru-slick--dots-round\" data-slick='{\"slidesToShow\" : 3, \"slidesToScroll\" : 1, \"arrows\" : true, \"dots\": true, \"infinite\" : true, \"centerMode\" : false, \"focusOnSelect\" : true, \"vertical\" : false, \"autoplay\": false, \"autoplaySpeed\": 3000, \"responsive\" : [{\"breakpoint\" : 991,\"settings\" : {\"slidesToShow\" : 2, \"slidesToScroll\" : 1}}, {\"breakpoint\" : 767,\"settings\" : {\"slidesToShow\" : 1, \"slidesToScroll\" : 1}}] }'>\n                        <li class=\"haru-testimonial__item-wrap\">\n        \n          <div class=\"haru-testimonial__item\">\n            <div class=\"haru-testimonial__content\">\n              <h6 class=\"haru-testimonial__title\">\n                                Leyla M.<span class=\"haru-testimonial__sub-title\"><\/span>\n                              <\/h6>\n              <div class=\"haru-testimonial__rating\">\n                                  <div class=\"haru-testimonial__star\"><\/div>\n                                  <div class=\"haru-testimonial__star\"><\/div>\n                                  <div class=\"haru-testimonial__star\"><\/div>\n                                  <div class=\"haru-testimonial__star\"><\/div>\n                                  <div class=\"haru-testimonial__star\"><\/div>\n                              <\/div>\n            <\/div>\n\n                        <h6 class=\"haru-testimonial__description-title\">A masterpiece for our home<\/h6>\n                        \n                        <div class=\"haru-testimonial__description\">\u201cI ordered a custom canvas print for our living room and it is absolutely stunning. The colors, print quality and attention to detail exceeded my expectations. Recommend Shop.Print.az to anyone who wants to add a personal touch to their space!\"<\/div>\n                      <\/div>\n\n                  <\/li>\n                                <li class=\"haru-testimonial__item-wrap\">\n        \n          <div class=\"haru-testimonial__item\">\n            <div class=\"haru-testimonial__content\">\n              <h6 class=\"haru-testimonial__title\">\n                                Farid H.<span class=\"haru-testimonial__sub-title\"><\/span>\n                              <\/h6>\n              <div class=\"haru-testimonial__rating\">\n                                  <div class=\"haru-testimonial__star\"><\/div>\n                                  <div class=\"haru-testimonial__star\"><\/div>\n                                  <div class=\"haru-testimonial__star\"><\/div>\n                                  <div class=\"haru-testimonial__star\"><\/div>\n                                  <div class=\"haru-testimonial__star\"><\/div>\n                              <\/div>\n            <\/div>\n\n                        <h6 class=\"haru-testimonial__description-title\">Professional service and exceptional quality<\/h6>\n                        \n                        <div class=\"haru-testimonial__description\">\"I have used Shop.Print.az for various business printing needs and they never disappoint. Their customer service is top notch, guiding me through the customization process and the end products always look professional. A reliable partner for my business.\"<\/div>\n                      <\/div>\n\n                  <\/li>\n                                <li class=\"haru-testimonial__item-wrap\">\n        \n          <div class=\"haru-testimonial__item\">\n            <div class=\"haru-testimonial__content\">\n              <h6 class=\"haru-testimonial__title\">\n                                Nigar R.<span class=\"haru-testimonial__sub-title\"><\/span>\n                              <\/h6>\n              <div class=\"haru-testimonial__rating\">\n                                  <div class=\"haru-testimonial__star\"><\/div>\n                                  <div class=\"haru-testimonial__star\"><\/div>\n                                  <div class=\"haru-testimonial__star\"><\/div>\n                                  <div class=\"haru-testimonial__star\"><\/div>\n                                  <div class=\"haru-testimonial__star\"><\/div>\n                              <\/div>\n            <\/div>\n\n                        <h6 class=\"haru-testimonial__description-title\">Fast, Efficient and Beautiful<\/h6>\n                        \n                        <div class=\"haru-testimonial__description\">\"A friend needed a last minute gift and Shop.Print.az came up with a beautifully printed custom mug. It was easy to order, the print quality was fantastic and it arrived quicker than I expected. A flawless experience from start to finish.\u201d<\/div>\n                      <\/div>\n\n                  <\/li>\n                                <li class=\"haru-testimonial__item-wrap\">\n        \n          <div class=\"haru-testimonial__item\">\n            <div class=\"haru-testimonial__content\">\n              <h6 class=\"haru-testimonial__title\">\n                                Samir V.<span class=\"haru-testimonial__sub-title\"><\/span>\n                              <\/h6>\n              <div class=\"haru-testimonial__rating\">\n                                  <div class=\"haru-testimonial__star\"><\/div>\n                                  <div class=\"haru-testimonial__star\"><\/div>\n                                  <div class=\"haru-testimonial__star\"><\/div>\n                                  <div class=\"haru-testimonial__star\"><\/div>\n                                  <div class=\"haru-testimonial__star\"><\/div>\n                              <\/div>\n            <\/div>\n\n                        <h6 class=\"haru-testimonial__description-title\">I was very satisfied<\/h6>\n                        \n                        <div class=\"haru-testimonial__description\">\"I have ordered from Shop.Print.az many times and every time they deliver perfection. Be it posters, t-shirts or business cards, the quality is always top notch. Their easy-to-use website and friendly customer support make the whole process easy.\"<\/div>\n                      <\/div>\n\n                  <\/li>\n                  <\/ul>\n    \n                <\/div>\n            \n            \t\t<\/div>\n\t\t\t\t<\/div>\n\t\t\t\t<\/div>\n\t\t\t\t\t<\/div>\n\t\t\t\t<\/div>\n\t\t\t\t<\/div>","protected":false},"excerpt":{"rendered":"<p>R\u0259yl\u0259r M\u00fc\u015ft\u0259ril\u0259rd\u0259n r\u0259yl\u0259r Leyla M. Evimiz \u00fc\u00e7\u00fcn \u015fah \u0259s\u0259r \u201cQonaq ota\u011f\u0131m\u0131z \u00fc\u00e7\u00fcn x\u00fcsusi k\u0259tan \u00e7ap\u0131 sifari\u015f etdim v\u0259 bu, tamamil\u0259 heyr\u0259tamizdir. R\u0259ngl\u0259r, \u00e7ap keyfiyy\u0259ti v\u0259 detallara diqq\u0259t m\u0259nim g\u00f6zl\u0259ntil\u0259rimi \u00fcst\u0259l\u0259di. M\u0259kan\u0131na \u015f\u0259xsi toxunu\u015f \u0259lav\u0259 etm\u0259k ist\u0259y\u0259n h\u0259r k\u0259s\u0259 Shop.Print.az-\u0131 t\u00f6vsiy\u0259 edin!\u201d Farid H. Pe\u015f\u0259kar xidm\u0259t v\u0259 m\u00fcst\u0259sna keyfiyy\u0259t \u201cM\u0259n Shop.Print.az-dan m\u00fcxt\u0259lif biznes \u00e7ap ehtiyaclar\u0131 \u00fc\u00e7\u00fcn [&hellip;]<\/p>","protected":false},"author":1,"featured_media":0,"parent":0,"menu_order":0,"comment_status":"closed","ping_status":"closed","template":"","meta":{"footnotes":""},"class_list":["post-14830","page","type-page","status-publish","hentry"],"yoast_head":"<!-- This site is optimized with the Yoast SEO plugin v24.9 - https:\/\/yoast.com\/wordpress\/plugins\/seo\/ -->\n<title>R\u0259yl\u0259r - Print.az<\/title>\n<meta name=\"robots\" content=\"index, follow, max-snippet:-1, max-image-preview:large, max-video-preview:-1\" \/>\n<link rel=\"canonical\" href=\"https:\/\/shop.print.az\/en\/testimonials\/\" \/>\n<meta property=\"og:locale\" content=\"en_US\" \/>\n<meta property=\"og:type\" content=\"article\" \/>\n<meta property=\"og:title\" content=\"R\u0259yl\u0259r - Print.az\" \/>\n<meta property=\"og:description\" content=\"R\u0259yl\u0259r M\u00fc\u015ft\u0259ril\u0259rd\u0259n r\u0259yl\u0259r Leyla M. Evimiz \u00fc\u00e7\u00fcn \u015fah \u0259s\u0259r \u201cQonaq ota\u011f\u0131m\u0131z \u00fc\u00e7\u00fcn x\u00fcsusi k\u0259tan \u00e7ap\u0131 sifari\u015f etdim v\u0259 bu, tamamil\u0259 heyr\u0259tamizdir. R\u0259ngl\u0259r, \u00e7ap keyfiyy\u0259ti v\u0259 detallara diqq\u0259t m\u0259nim g\u00f6zl\u0259ntil\u0259rimi \u00fcst\u0259l\u0259di. M\u0259kan\u0131na \u015f\u0259xsi toxunu\u015f \u0259lav\u0259 etm\u0259k ist\u0259y\u0259n h\u0259r k\u0259s\u0259 Shop.Print.az-\u0131 t\u00f6vsiy\u0259 edin!\u201d Farid H. Pe\u015f\u0259kar xidm\u0259t v\u0259 m\u00fcst\u0259sna keyfiyy\u0259t \u201cM\u0259n Shop.Print.az-dan m\u00fcxt\u0259lif biznes \u00e7ap ehtiyaclar\u0131 \u00fc\u00e7\u00fcn [&hellip;]\" \/>\n<meta property=\"og:url\" content=\"https:\/\/shop.print.az\/en\/testimonials\/\" \/>\n<meta property=\"og:site_name\" content=\"Print.az\" \/>\n<meta property=\"article:modified_time\" content=\"2024-06-09T15:47:57+00:00\" \/>\n<meta name=\"twitter:card\" content=\"summary_large_image\" \/>\n<meta name=\"twitter:label1\" content=\"Est. reading time\" \/>\n\t<meta name=\"twitter:data1\" content=\"3 minutes\" \/>\n<script type=\"application\/ld+json\" class=\"yoast-schema-graph\">{\"@context\":\"https:\/\/schema.org\",\"@graph\":[{\"@type\":\"WebPage\",\"@id\":\"https:\/\/shop.print.az\/testimonials\/\",\"url\":\"https:\/\/shop.print.az\/testimonials\/\",\"name\":\"R\u0259yl\u0259r - Print.az\",\"isPartOf\":{\"@id\":\"https:\/\/shop.print.az\/#website\"},\"datePublished\":\"2024-03-17T14:26:00+00:00\",\"dateModified\":\"2024-06-09T15:47:57+00:00\",\"breadcrumb\":{\"@id\":\"https:\/\/shop.print.az\/testimonials\/#breadcrumb\"},\"inLanguage\":\"en-US\",\"potentialAction\":[{\"@type\":\"ReadAction\",\"target\":[\"https:\/\/shop.print.az\/testimonials\/\"]}]},{\"@type\":\"BreadcrumbList\",\"@id\":\"https:\/\/shop.print.az\/testimonials\/#breadcrumb\",\"itemListElement\":[{\"@type\":\"ListItem\",\"position\":1,\"name\":\"Home\",\"item\":\"https:\/\/shop.print.az\/\"},{\"@type\":\"ListItem\",\"position\":2,\"name\":\"R\u0259yl\u0259r\"}]},{\"@type\":\"WebSite\",\"@id\":\"https:\/\/shop.print.az\/#website\",\"url\":\"https:\/\/shop.print.az\/\",\"name\":\"Print.az\",\"description\":\"Shop\",\"publisher\":{\"@id\":\"https:\/\/shop.print.az\/#organization\"},\"potentialAction\":[{\"@type\":\"SearchAction\",\"target\":{\"@type\":\"EntryPoint\",\"urlTemplate\":\"https:\/\/shop.print.az\/?s={search_term_string}\"},\"query-input\":{\"@type\":\"PropertyValueSpecification\",\"valueRequired\":true,\"valueName\":\"search_term_string\"}}],\"inLanguage\":\"en-US\"},{\"@type\":\"Organization\",\"@id\":\"https:\/\/shop.print.az\/#organization\",\"name\":\"Print.az\",\"url\":\"https:\/\/shop.print.az\/\",\"logo\":{\"@type\":\"ImageObject\",\"inLanguage\":\"en-US\",\"@id\":\"https:\/\/shop.print.az\/#\/schema\/logo\/image\/\",\"url\":\"https:\/\/shop.print.az\/wp-content\/uploads\/2023\/12\/logob.png\",\"contentUrl\":\"https:\/\/shop.print.az\/wp-content\/uploads\/2023\/12\/logob.png\",\"width\":964,\"height\":212,\"caption\":\"Print.az\"},\"image\":{\"@id\":\"https:\/\/shop.print.az\/#\/schema\/logo\/image\/\"}}]}<\/script>\n<!-- \/ Yoast SEO plugin. -->","yoast_head_json":{"title":"R\u0259yl\u0259r - Print.az","robots":{"index":"index","follow":"follow","max-snippet":"max-snippet:-1","max-image-preview":"max-image-preview:large","max-video-preview":"max-video-preview:-1"},"canonical":"https:\/\/shop.print.az\/en\/testimonials\/","og_locale":"en_US","og_type":"article","og_title":"R\u0259yl\u0259r - Print.az","og_description":"R\u0259yl\u0259r M\u00fc\u015ft\u0259ril\u0259rd\u0259n r\u0259yl\u0259r Leyla M. Evimiz \u00fc\u00e7\u00fcn \u015fah \u0259s\u0259r \u201cQonaq ota\u011f\u0131m\u0131z \u00fc\u00e7\u00fcn x\u00fcsusi k\u0259tan \u00e7ap\u0131 sifari\u015f etdim v\u0259 bu, tamamil\u0259 heyr\u0259tamizdir. R\u0259ngl\u0259r, \u00e7ap keyfiyy\u0259ti v\u0259 detallara diqq\u0259t m\u0259nim g\u00f6zl\u0259ntil\u0259rimi \u00fcst\u0259l\u0259di. M\u0259kan\u0131na \u015f\u0259xsi toxunu\u015f \u0259lav\u0259 etm\u0259k ist\u0259y\u0259n h\u0259r k\u0259s\u0259 Shop.Print.az-\u0131 t\u00f6vsiy\u0259 edin!\u201d Farid H. Pe\u015f\u0259kar xidm\u0259t v\u0259 m\u00fcst\u0259sna keyfiyy\u0259t \u201cM\u0259n Shop.Print.az-dan m\u00fcxt\u0259lif biznes \u00e7ap ehtiyaclar\u0131 \u00fc\u00e7\u00fcn [&hellip;]","og_url":"https:\/\/shop.print.az\/en\/testimonials\/","og_site_name":"Print.az","article_modified_time":"2024-06-09T15:47:57+00:00","twitter_card":"summary_large_image","twitter_misc":{"Est. reading time":"3 minutes"},"schema":{"@context":"https:\/\/schema.org","@graph":[{"@type":"WebPage","@id":"https:\/\/shop.print.az\/testimonials\/","url":"https:\/\/shop.print.az\/testimonials\/","name":"R\u0259yl\u0259r - Print.az","isPartOf":{"@id":"https:\/\/shop.print.az\/#website"},"datePublished":"2024-03-17T14:26:00+00:00","dateModified":"2024-06-09T15:47:57+00:00","breadcrumb":{"@id":"https:\/\/shop.print.az\/testimonials\/#breadcrumb"},"inLanguage":"en-US","potentialAction":[{"@type":"ReadAction","target":["https:\/\/shop.print.az\/testimonials\/"]}]},{"@type":"BreadcrumbList","@id":"https:\/\/shop.print.az\/testimonials\/#breadcrumb","itemListElement":[{"@type":"ListItem","position":1,"name":"Home","item":"https:\/\/shop.print.az\/"},{"@type":"ListItem","position":2,"name":"R\u0259yl\u0259r"}]},{"@type":"WebSite","@id":"https:\/\/shop.print.az\/#website","url":"https:\/\/shop.print.az\/","name":"Print.az","description":"Shop","publisher":{"@id":"https:\/\/shop.print.az\/#organization"},"potentialAction":[{"@type":"SearchAction","target":{"@type":"EntryPoint","urlTemplate":"https:\/\/shop.print.az\/?s={search_term_string}"},"query-input":{"@type":"PropertyValueSpecification","valueRequired":true,"valueName":"search_term_string"}}],"inLanguage":"en-US"},{"@type":"Organization","@id":"https:\/\/shop.print.az\/#organization","name":"Print.az","url":"https:\/\/shop.print.az\/","logo":{"@type":"ImageObject","inLanguage":"en-US","@id":"https:\/\/shop.print.az\/#\/schema\/logo\/image\/","url":"https:\/\/shop.print.az\/wp-content\/uploads\/2023\/12\/logob.png","contentUrl":"https:\/\/shop.print.az\/wp-content\/uploads\/2023\/12\/logob.png","width":964,"height":212,"caption":"Print.az"},"image":{"@id":"https:\/\/shop.print.az\/#\/schema\/logo\/image\/"}}]}},"_links":{"self":[{"href":"https:\/\/shop.print.az\/en\/wp-json\/wp\/v2\/pages\/14830","targetHints":{"allow":["GET"]}}],"collection":[{"href":"https:\/\/shop.print.az\/en\/wp-json\/wp\/v2\/pages"}],"about":[{"href":"https:\/\/shop.print.az\/en\/wp-json\/wp\/v2\/types\/page"}],"author":[{"embeddable":true,"href":"https:\/\/shop.print.az\/en\/wp-json\/wp\/v2\/users\/1"}],"replies":[{"embeddable":true,"href":"https:\/\/shop.print.az\/en\/wp-json\/wp\/v2\/comments?post=14830"}],"version-history":[{"count":17,"href":"https:\/\/shop.print.az\/en\/wp-json\/wp\/v2\/pages\/14830\/revisions"}],"predecessor-version":[{"id":15813,"href":"https:\/\/shop.print.az\/en\/wp-json\/wp\/v2\/pages\/14830\/revisions\/15813"}],"wp:attachment":[{"href":"https:\/\/shop.print.az\/en\/wp-json\/wp\/v2\/media?parent=14830"}],"curies":[{"name":"wp","href":"https:\/\/api.w.org\/{rel}","templated":true}]}}