{"id":16396,"date":"2025-07-11T15:47:00","date_gmt":"2025-07-11T15:47:00","guid":{"rendered":"https:\/\/shop.print.az\/?page_id=16396"},"modified":"2025-07-11T15:49:57","modified_gmt":"2025-07-11T15:49:57","slug":"payment-declined","status":"publish","type":"page","link":"https:\/\/shop.print.az\/en\/payment-declined\/","title":{"rendered":"Payment declined"},"content":{"rendered":"<div data-elementor-type=\"wp-page\" data-elementor-id=\"16396\" class=\"elementor elementor-16396\">\n\t\t\t\t<div class=\"elementor-element elementor-element-b9915d8 e-flex e-con-boxed e-con e-parent\" data-id=\"b9915d8\" data-element_type=\"container\">\n\t\t\t\t\t<div class=\"e-con-inner\">\n\t\t\t\t<div class=\"elementor-element elementor-element-7d49d19 elementor-widget elementor-widget-heading\" data-id=\"7d49d19\" data-element_type=\"widget\" data-widget_type=\"heading.default\">\n\t\t\t\t<div class=\"elementor-widget-container\">\n\t\t\t<h2 class=\"elementor-heading-title elementor-size-default\">\ud83d\udeab DECLINE  <\/h2>\t\t<\/div>\n\t\t\t\t<\/div>\n\t\t\t\t<div class=\"elementor-element elementor-element-2070248 elementor-widget elementor-widget-text-editor\" data-id=\"2070248\" data-element_type=\"widget\" data-widget_type=\"text-editor.default\">\n\t\t\t\t<div class=\"elementor-widget-container\">\n\t\t\t\t\t\t\t<p>AZ: <br \/>\u00d6d\u0259ni\u015f \u0259m\u0259liyyat\u0131 u\u011fursuz oldu. <br \/>Z\u0259hm\u0259t olmasa kart m\u0259lumatlar\u0131n\u0131 yoxlay\u0131n v\u0259 yenid\u0259n c\u0259hd edin v\u0259 ya <br \/>bank\u0131n\u0131zla \u0259laq\u0259 saxlay\u0131n. <br \/>EN: <br \/>The payment transaction was declined. <br \/>Please verify your card details and try again, or contact your bank. <br \/>RU: <br \/>\u041f\u043b\u0430\u0442\u0451\u0436 \u043d\u0435 \u0431\u044b\u043b \u0432\u044b\u043f\u043e\u043b\u043d\u0435\u043d. <br \/>\u041f\u0440\u043e\u0432\u0435\u0440\u044c\u0442\u0435 \u0440\u0435\u043a\u0432\u0438\u0437\u0438\u0442\u044b \u043a\u0430\u0440\u0442\u044b \u0438 \u043f\u043e\u0432\u0442\u043e\u0440\u0438\u0442\u0435 \u043f\u043e\u043f\u044b\u0442\u043a\u0443 \u043b\u0438\u0431\u043e \u043e\u0431\u0440\u0430\u0442\u0438\u0442\u0435\u0441\u044c \u0432 \u0432\u0430\u0448 \u0431\u0430\u043d\u043a.<\/p>\t\t\t\t\t\t<\/div>\n\t\t\t\t<\/div>\n\t\t\t\t\t<\/div>\n\t\t\t\t<\/div>\n\t\t\t\t<\/div>","protected":false},"excerpt":{"rendered":"<p>\ud83d\udeab DECLINE AZ: \u00d6d\u0259ni\u015f \u0259m\u0259liyyat\u0131 u\u011fursuz oldu. Z\u0259hm\u0259t olmasa kart m\u0259lumatlar\u0131n\u0131 yoxlay\u0131n v\u0259 yenid\u0259n c\u0259hd edin v\u0259 ya bank\u0131n\u0131zla \u0259laq\u0259 saxlay\u0131n. EN: The payment transaction was declined. Please verify your card details and try again, or contact your bank. RU: \u041f\u043b\u0430\u0442\u0451\u0436 \u043d\u0435 \u0431\u044b\u043b \u0432\u044b\u043f\u043e\u043b\u043d\u0435\u043d. \u041f\u0440\u043e\u0432\u0435\u0440\u044c\u0442\u0435 \u0440\u0435\u043a\u0432\u0438\u0437\u0438\u0442\u044b \u043a\u0430\u0440\u0442\u044b \u0438 \u043f\u043e\u0432\u0442\u043e\u0440\u0438\u0442\u0435 \u043f\u043e\u043f\u044b\u0442\u043a\u0443 \u043b\u0438\u0431\u043e \u043e\u0431\u0440\u0430\u0442\u0438\u0442\u0435\u0441\u044c \u0432 \u0432\u0430\u0448 \u0431\u0430\u043d\u043a.<\/p>","protected":false},"author":83,"featured_media":0,"parent":0,"menu_order":0,"comment_status":"closed","ping_status":"closed","template":"","meta":{"footnotes":""},"class_list":["post-16396","page","type-page","status-publish","hentry"],"yoast_head":"<!-- This site is optimized with the Yoast SEO plugin v24.9 - https:\/\/yoast.com\/wordpress\/plugins\/seo\/ -->\n<title>Payment declined - Print.az<\/title>\n<meta name=\"robots\" content=\"index, follow, max-snippet:-1, max-image-preview:large, max-video-preview:-1\" \/>\n<link rel=\"canonical\" href=\"https:\/\/shop.print.az\/en\/payment-declined\/\" \/>\n<meta property=\"og:locale\" content=\"en_US\" \/>\n<meta property=\"og:type\" content=\"article\" \/>\n<meta property=\"og:title\" content=\"Payment declined - Print.az\" \/>\n<meta property=\"og:description\" content=\"\ud83d\udeab DECLINE AZ: \u00d6d\u0259ni\u015f \u0259m\u0259liyyat\u0131 u\u011fursuz oldu. Z\u0259hm\u0259t olmasa kart m\u0259lumatlar\u0131n\u0131 yoxlay\u0131n v\u0259 yenid\u0259n c\u0259hd edin v\u0259 ya bank\u0131n\u0131zla \u0259laq\u0259 saxlay\u0131n. EN: The payment transaction was declined. Please verify your card details and try again, or contact your bank. RU: \u041f\u043b\u0430\u0442\u0451\u0436 \u043d\u0435 \u0431\u044b\u043b \u0432\u044b\u043f\u043e\u043b\u043d\u0435\u043d. \u041f\u0440\u043e\u0432\u0435\u0440\u044c\u0442\u0435 \u0440\u0435\u043a\u0432\u0438\u0437\u0438\u0442\u044b \u043a\u0430\u0440\u0442\u044b \u0438 \u043f\u043e\u0432\u0442\u043e\u0440\u0438\u0442\u0435 \u043f\u043e\u043f\u044b\u0442\u043a\u0443 \u043b\u0438\u0431\u043e \u043e\u0431\u0440\u0430\u0442\u0438\u0442\u0435\u0441\u044c \u0432 \u0432\u0430\u0448 \u0431\u0430\u043d\u043a.\" \/>\n<meta property=\"og:url\" content=\"https:\/\/shop.print.az\/en\/payment-declined\/\" \/>\n<meta property=\"og:site_name\" content=\"Print.az\" \/>\n<meta property=\"article:modified_time\" content=\"2025-07-11T15:49:57+00:00\" \/>\n<meta name=\"twitter:card\" content=\"summary_large_image\" \/>\n<meta name=\"twitter:label1\" content=\"Est. reading time\" \/>\n\t<meta name=\"twitter:data1\" content=\"1 minute\" \/>\n<script type=\"application\/ld+json\" class=\"yoast-schema-graph\">{\"@context\":\"https:\/\/schema.org\",\"@graph\":[{\"@type\":\"WebPage\",\"@id\":\"https:\/\/shop.print.az\/payment-declined\/\",\"url\":\"https:\/\/shop.print.az\/payment-declined\/\",\"name\":\"Payment declined - Print.az\",\"isPartOf\":{\"@id\":\"https:\/\/shop.print.az\/#website\"},\"datePublished\":\"2025-07-11T15:47:00+00:00\",\"dateModified\":\"2025-07-11T15:49:57+00:00\",\"breadcrumb\":{\"@id\":\"https:\/\/shop.print.az\/payment-declined\/#breadcrumb\"},\"inLanguage\":\"en-US\",\"potentialAction\":[{\"@type\":\"ReadAction\",\"target\":[\"https:\/\/shop.print.az\/payment-declined\/\"]}]},{\"@type\":\"BreadcrumbList\",\"@id\":\"https:\/\/shop.print.az\/payment-declined\/#breadcrumb\",\"itemListElement\":[{\"@type\":\"ListItem\",\"position\":1,\"name\":\"Home\",\"item\":\"https:\/\/shop.print.az\/\"},{\"@type\":\"ListItem\",\"position\":2,\"name\":\"Payment declined\"}]},{\"@type\":\"WebSite\",\"@id\":\"https:\/\/shop.print.az\/#website\",\"url\":\"https:\/\/shop.print.az\/\",\"name\":\"Print.az\",\"description\":\"Shop\",\"publisher\":{\"@id\":\"https:\/\/shop.print.az\/#organization\"},\"potentialAction\":[{\"@type\":\"SearchAction\",\"target\":{\"@type\":\"EntryPoint\",\"urlTemplate\":\"https:\/\/shop.print.az\/?s={search_term_string}\"},\"query-input\":{\"@type\":\"PropertyValueSpecification\",\"valueRequired\":true,\"valueName\":\"search_term_string\"}}],\"inLanguage\":\"en-US\"},{\"@type\":\"Organization\",\"@id\":\"https:\/\/shop.print.az\/#organization\",\"name\":\"Print.az\",\"url\":\"https:\/\/shop.print.az\/\",\"logo\":{\"@type\":\"ImageObject\",\"inLanguage\":\"en-US\",\"@id\":\"https:\/\/shop.print.az\/#\/schema\/logo\/image\/\",\"url\":\"https:\/\/shop.print.az\/wp-content\/uploads\/2023\/12\/logob.png\",\"contentUrl\":\"https:\/\/shop.print.az\/wp-content\/uploads\/2023\/12\/logob.png\",\"width\":964,\"height\":212,\"caption\":\"Print.az\"},\"image\":{\"@id\":\"https:\/\/shop.print.az\/#\/schema\/logo\/image\/\"}}]}<\/script>\n<!-- \/ Yoast SEO plugin. -->","yoast_head_json":{"title":"Payment declined - Print.az","robots":{"index":"index","follow":"follow","max-snippet":"max-snippet:-1","max-image-preview":"max-image-preview:large","max-video-preview":"max-video-preview:-1"},"canonical":"https:\/\/shop.print.az\/en\/payment-declined\/","og_locale":"en_US","og_type":"article","og_title":"Payment declined - Print.az","og_description":"\ud83d\udeab DECLINE AZ: \u00d6d\u0259ni\u015f \u0259m\u0259liyyat\u0131 u\u011fursuz oldu. Z\u0259hm\u0259t olmasa kart m\u0259lumatlar\u0131n\u0131 yoxlay\u0131n v\u0259 yenid\u0259n c\u0259hd edin v\u0259 ya bank\u0131n\u0131zla \u0259laq\u0259 saxlay\u0131n. EN: The payment transaction was declined. Please verify your card details and try again, or contact your bank. RU: \u041f\u043b\u0430\u0442\u0451\u0436 \u043d\u0435 \u0431\u044b\u043b \u0432\u044b\u043f\u043e\u043b\u043d\u0435\u043d. \u041f\u0440\u043e\u0432\u0435\u0440\u044c\u0442\u0435 \u0440\u0435\u043a\u0432\u0438\u0437\u0438\u0442\u044b \u043a\u0430\u0440\u0442\u044b \u0438 \u043f\u043e\u0432\u0442\u043e\u0440\u0438\u0442\u0435 \u043f\u043e\u043f\u044b\u0442\u043a\u0443 \u043b\u0438\u0431\u043e \u043e\u0431\u0440\u0430\u0442\u0438\u0442\u0435\u0441\u044c \u0432 \u0432\u0430\u0448 \u0431\u0430\u043d\u043a.","og_url":"https:\/\/shop.print.az\/en\/payment-declined\/","og_site_name":"Print.az","article_modified_time":"2025-07-11T15:49:57+00:00","twitter_card":"summary_large_image","twitter_misc":{"Est. reading time":"1 minute"},"schema":{"@context":"https:\/\/schema.org","@graph":[{"@type":"WebPage","@id":"https:\/\/shop.print.az\/payment-declined\/","url":"https:\/\/shop.print.az\/payment-declined\/","name":"Payment declined - Print.az","isPartOf":{"@id":"https:\/\/shop.print.az\/#website"},"datePublished":"2025-07-11T15:47:00+00:00","dateModified":"2025-07-11T15:49:57+00:00","breadcrumb":{"@id":"https:\/\/shop.print.az\/payment-declined\/#breadcrumb"},"inLanguage":"en-US","potentialAction":[{"@type":"ReadAction","target":["https:\/\/shop.print.az\/payment-declined\/"]}]},{"@type":"BreadcrumbList","@id":"https:\/\/shop.print.az\/payment-declined\/#breadcrumb","itemListElement":[{"@type":"ListItem","position":1,"name":"Home","item":"https:\/\/shop.print.az\/"},{"@type":"ListItem","position":2,"name":"Payment declined"}]},{"@type":"WebSite","@id":"https:\/\/shop.print.az\/#website","url":"https:\/\/shop.print.az\/","name":"Print.az","description":"Shop","publisher":{"@id":"https:\/\/shop.print.az\/#organization"},"potentialAction":[{"@type":"SearchAction","target":{"@type":"EntryPoint","urlTemplate":"https:\/\/shop.print.az\/?s={search_term_string}"},"query-input":{"@type":"PropertyValueSpecification","valueRequired":true,"valueName":"search_term_string"}}],"inLanguage":"en-US"},{"@type":"Organization","@id":"https:\/\/shop.print.az\/#organization","name":"Print.az","url":"https:\/\/shop.print.az\/","logo":{"@type":"ImageObject","inLanguage":"en-US","@id":"https:\/\/shop.print.az\/#\/schema\/logo\/image\/","url":"https:\/\/shop.print.az\/wp-content\/uploads\/2023\/12\/logob.png","contentUrl":"https:\/\/shop.print.az\/wp-content\/uploads\/2023\/12\/logob.png","width":964,"height":212,"caption":"Print.az"},"image":{"@id":"https:\/\/shop.print.az\/#\/schema\/logo\/image\/"}}]}},"_links":{"self":[{"href":"https:\/\/shop.print.az\/en\/wp-json\/wp\/v2\/pages\/16396","targetHints":{"allow":["GET"]}}],"collection":[{"href":"https:\/\/shop.print.az\/en\/wp-json\/wp\/v2\/pages"}],"about":[{"href":"https:\/\/shop.print.az\/en\/wp-json\/wp\/v2\/types\/page"}],"author":[{"embeddable":true,"href":"https:\/\/shop.print.az\/en\/wp-json\/wp\/v2\/users\/83"}],"replies":[{"embeddable":true,"href":"https:\/\/shop.print.az\/en\/wp-json\/wp\/v2\/comments?post=16396"}],"version-history":[{"count":7,"href":"https:\/\/shop.print.az\/en\/wp-json\/wp\/v2\/pages\/16396\/revisions"}],"predecessor-version":[{"id":16403,"href":"https:\/\/shop.print.az\/en\/wp-json\/wp\/v2\/pages\/16396\/revisions\/16403"}],"wp:attachment":[{"href":"https:\/\/shop.print.az\/en\/wp-json\/wp\/v2\/media?parent=16396"}],"curies":[{"name":"wp","href":"https:\/\/api.w.org\/{rel}","templated":true}]}}