{"id":3,"date":"2024-03-02T17:10:09","date_gmt":"2024-03-02T17:10:09","guid":{"rendered":"https:\/\/shop.print.az\/?page_id=3"},"modified":"2024-06-09T15:45:00","modified_gmt":"2024-06-09T15:45:00","slug":"privacy-policy","status":"publish","type":"page","link":"https:\/\/shop.print.az\/en\/privacy-policy\/","title":{"rendered":"Privacy Policy"},"content":{"rendered":"<h3>Privacy Policy for shop.print.az<\/h3>\n<p>Protecting the privacy of our visitors at shop.print.az is very important to us. This privacy policy document describes the types of personal information we receive and collect and how it is used.<\/p>\n<p>1. Collection and Use of Information: We collect information when you register on our site, place an order, subscribe to our newsletter or fill out a form. This information includes your name, email address, mailing address, phone number, and payment information. We use this information to process transactions, provide customer service, and send periodic emails.<br \/>\n2. Cookies: Our website uses \"cookies\" to enhance your experience. Your web browser places cookies on your hard drive to keep records and sometimes track data. You have the option to refuse cookies through your browser settings, although this may affect your use of certain site features.<br \/>\n3. M\u0259lumat T\u0259hl\u00fck\u0259sizliyi: Biz \u015f\u0259xsi m\u0259lumatlar\u0131n\u0131z\u0131 saxlamaq \u00fc\u00e7\u00fcn t\u0259dbirl\u0259r g\u00f6r\u00fcr\u00fck, lakin he\u00e7 bir internet ke\u00e7idi v\u0259 ya elektron saxlama metodunun 10 0% t\u0259hl\u00fck\u0259siz saxlamay\u0131n unutmay\u0131n.<br \/>\n4. Information Sharing: Your personally identifiable information is not sold, traded, or otherwise transferred to outside parties except to trusted third parties who assist us in website operation, business conduct, or service to you under confidentiality agreements.<br \/>\n5. Your Consent: By using our site, you agree to our website's privacy policy.<br \/>\n6. Changes to Our Privacy Policy: If we update our privacy policy, those changes will be posted here.<\/p>\n<p>M\u0259xfilik siyas\u0259timizl\u0259 ba\u011fl\u0131 h\u0259r hans\u0131 sual\u0131n\u0131z v\u0259 ya narahatl\u0131\u011f\u0131n\u0131z \u00fc\u00e7\u00fcn biziml\u0259\u00a0shop@print.az \u00fcnvan\u0131ndan \u0259laq\u0259 saxlay\u0131n.<\/p>","protected":false},"excerpt":{"rendered":"<p>shop.print.az \u00fc\u00e7\u00fcn M\u0259xfilik Siyas\u0259ti shop.print.az-da ziyar\u0259t\u00e7il\u0259rimizin m\u0259xfiliyinin qorunmas\u0131 bizim \u00fc\u00e7\u00fcn \u00e7ox vacibdir. Bu m\u0259xfilik siyas\u0259ti s\u0259n\u0259di ald\u0131\u011f\u0131m\u0131z v\u0259 toplad\u0131\u011f\u0131m\u0131z \u015f\u0259xsi m\u0259lumatlar\u0131n n\u00f6vl\u0259rini v\u0259 onlardan nec\u0259 istifad\u0259 edildiyini t\u0259svir edir. 1. M\u0259lumat\u0131n Toplanmas\u0131 v\u0259 \u0130stifad\u0259si: Siz sayt\u0131m\u0131zda qeydiyyatdan ke\u00e7diyiniz, sifari\u015f verdiyiniz, b\u00fclletenimiz\u0259 abun\u0259 oldu\u011funuz v\u0259 ya formu doldurdu\u011funuz zaman biz m\u0259lumat toplay\u0131r\u0131q. Bu m\u0259lumatlara ad\u0131n\u0131z, e-po\u00e7t [&hellip;]<\/p>","protected":false},"author":1,"featured_media":0,"parent":0,"menu_order":0,"comment_status":"closed","ping_status":"closed","template":"","meta":{"footnotes":""},"class_list":["post-3","page","type-page","status-publish","hentry"],"yoast_head":"<!-- This site is optimized with the Yoast SEO plugin v24.9 - https:\/\/yoast.com\/wordpress\/plugins\/seo\/ -->\n<title>Gizlilik Siyas\u0259ti - Print.az<\/title>\n<meta name=\"robots\" content=\"index, follow, max-snippet:-1, max-image-preview:large, max-video-preview:-1\" \/>\n<link rel=\"canonical\" href=\"https:\/\/shop.print.az\/en\/privacy-policy\/\" \/>\n<meta property=\"og:locale\" content=\"en_US\" \/>\n<meta property=\"og:type\" content=\"article\" \/>\n<meta property=\"og:title\" content=\"Gizlilik Siyas\u0259ti - Print.az\" \/>\n<meta property=\"og:description\" content=\"shop.print.az \u00fc\u00e7\u00fcn M\u0259xfilik Siyas\u0259ti shop.print.az-da ziyar\u0259t\u00e7il\u0259rimizin m\u0259xfiliyinin qorunmas\u0131 bizim \u00fc\u00e7\u00fcn \u00e7ox vacibdir. Bu m\u0259xfilik siyas\u0259ti s\u0259n\u0259di ald\u0131\u011f\u0131m\u0131z v\u0259 toplad\u0131\u011f\u0131m\u0131z \u015f\u0259xsi m\u0259lumatlar\u0131n n\u00f6vl\u0259rini v\u0259 onlardan nec\u0259 istifad\u0259 edildiyini t\u0259svir edir. 1. M\u0259lumat\u0131n Toplanmas\u0131 v\u0259 \u0130stifad\u0259si: Siz sayt\u0131m\u0131zda qeydiyyatdan ke\u00e7diyiniz, sifari\u015f verdiyiniz, b\u00fclletenimiz\u0259 abun\u0259 oldu\u011funuz v\u0259 ya formu doldurdu\u011funuz zaman biz m\u0259lumat toplay\u0131r\u0131q. Bu m\u0259lumatlara ad\u0131n\u0131z, e-po\u00e7t [&hellip;]\" \/>\n<meta property=\"og:url\" content=\"https:\/\/shop.print.az\/en\/privacy-policy\/\" \/>\n<meta property=\"og:site_name\" content=\"Print.az\" \/>\n<meta property=\"article:modified_time\" content=\"2024-06-09T15:45:00+00:00\" \/>\n<meta name=\"twitter:card\" content=\"summary_large_image\" \/>\n<meta name=\"twitter:label1\" content=\"Est. reading time\" \/>\n\t<meta name=\"twitter:data1\" content=\"2 minutes\" \/>\n<script type=\"application\/ld+json\" class=\"yoast-schema-graph\">{\"@context\":\"https:\/\/schema.org\",\"@graph\":[{\"@type\":\"WebPage\",\"@id\":\"https:\/\/shop.print.az\/privacy-policy\/\",\"url\":\"https:\/\/shop.print.az\/privacy-policy\/\",\"name\":\"Gizlilik Siyas\u0259ti - Print.az\",\"isPartOf\":{\"@id\":\"https:\/\/shop.print.az\/#website\"},\"datePublished\":\"2024-03-02T17:10:09+00:00\",\"dateModified\":\"2024-06-09T15:45:00+00:00\",\"breadcrumb\":{\"@id\":\"https:\/\/shop.print.az\/privacy-policy\/#breadcrumb\"},\"inLanguage\":\"en-US\",\"potentialAction\":[{\"@type\":\"ReadAction\",\"target\":[\"https:\/\/shop.print.az\/privacy-policy\/\"]}]},{\"@type\":\"BreadcrumbList\",\"@id\":\"https:\/\/shop.print.az\/privacy-policy\/#breadcrumb\",\"itemListElement\":[{\"@type\":\"ListItem\",\"position\":1,\"name\":\"Home\",\"item\":\"https:\/\/shop.print.az\/\"},{\"@type\":\"ListItem\",\"position\":2,\"name\":\"Gizlilik Siyas\u0259ti\"}]},{\"@type\":\"WebSite\",\"@id\":\"https:\/\/shop.print.az\/#website\",\"url\":\"https:\/\/shop.print.az\/\",\"name\":\"Print.az\",\"description\":\"Shop\",\"publisher\":{\"@id\":\"https:\/\/shop.print.az\/#organization\"},\"potentialAction\":[{\"@type\":\"SearchAction\",\"target\":{\"@type\":\"EntryPoint\",\"urlTemplate\":\"https:\/\/shop.print.az\/?s={search_term_string}\"},\"query-input\":{\"@type\":\"PropertyValueSpecification\",\"valueRequired\":true,\"valueName\":\"search_term_string\"}}],\"inLanguage\":\"en-US\"},{\"@type\":\"Organization\",\"@id\":\"https:\/\/shop.print.az\/#organization\",\"name\":\"Print.az\",\"url\":\"https:\/\/shop.print.az\/\",\"logo\":{\"@type\":\"ImageObject\",\"inLanguage\":\"en-US\",\"@id\":\"https:\/\/shop.print.az\/#\/schema\/logo\/image\/\",\"url\":\"https:\/\/shop.print.az\/wp-content\/uploads\/2023\/12\/logob.png\",\"contentUrl\":\"https:\/\/shop.print.az\/wp-content\/uploads\/2023\/12\/logob.png\",\"width\":964,\"height\":212,\"caption\":\"Print.az\"},\"image\":{\"@id\":\"https:\/\/shop.print.az\/#\/schema\/logo\/image\/\"}}]}<\/script>\n<!-- \/ Yoast SEO plugin. -->","yoast_head_json":{"title":"Gizlilik Siyas\u0259ti - Print.az","robots":{"index":"index","follow":"follow","max-snippet":"max-snippet:-1","max-image-preview":"max-image-preview:large","max-video-preview":"max-video-preview:-1"},"canonical":"https:\/\/shop.print.az\/en\/privacy-policy\/","og_locale":"en_US","og_type":"article","og_title":"Gizlilik Siyas\u0259ti - Print.az","og_description":"shop.print.az \u00fc\u00e7\u00fcn M\u0259xfilik Siyas\u0259ti shop.print.az-da ziyar\u0259t\u00e7il\u0259rimizin m\u0259xfiliyinin qorunmas\u0131 bizim \u00fc\u00e7\u00fcn \u00e7ox vacibdir. Bu m\u0259xfilik siyas\u0259ti s\u0259n\u0259di ald\u0131\u011f\u0131m\u0131z v\u0259 toplad\u0131\u011f\u0131m\u0131z \u015f\u0259xsi m\u0259lumatlar\u0131n n\u00f6vl\u0259rini v\u0259 onlardan nec\u0259 istifad\u0259 edildiyini t\u0259svir edir. 1. M\u0259lumat\u0131n Toplanmas\u0131 v\u0259 \u0130stifad\u0259si: Siz sayt\u0131m\u0131zda qeydiyyatdan ke\u00e7diyiniz, sifari\u015f verdiyiniz, b\u00fclletenimiz\u0259 abun\u0259 oldu\u011funuz v\u0259 ya formu doldurdu\u011funuz zaman biz m\u0259lumat toplay\u0131r\u0131q. Bu m\u0259lumatlara ad\u0131n\u0131z, e-po\u00e7t [&hellip;]","og_url":"https:\/\/shop.print.az\/en\/privacy-policy\/","og_site_name":"Print.az","article_modified_time":"2024-06-09T15:45:00+00:00","twitter_card":"summary_large_image","twitter_misc":{"Est. reading time":"2 minutes"},"schema":{"@context":"https:\/\/schema.org","@graph":[{"@type":"WebPage","@id":"https:\/\/shop.print.az\/privacy-policy\/","url":"https:\/\/shop.print.az\/privacy-policy\/","name":"Gizlilik Siyas\u0259ti - Print.az","isPartOf":{"@id":"https:\/\/shop.print.az\/#website"},"datePublished":"2024-03-02T17:10:09+00:00","dateModified":"2024-06-09T15:45:00+00:00","breadcrumb":{"@id":"https:\/\/shop.print.az\/privacy-policy\/#breadcrumb"},"inLanguage":"en-US","potentialAction":[{"@type":"ReadAction","target":["https:\/\/shop.print.az\/privacy-policy\/"]}]},{"@type":"BreadcrumbList","@id":"https:\/\/shop.print.az\/privacy-policy\/#breadcrumb","itemListElement":[{"@type":"ListItem","position":1,"name":"Home","item":"https:\/\/shop.print.az\/"},{"@type":"ListItem","position":2,"name":"Gizlilik Siyas\u0259ti"}]},{"@type":"WebSite","@id":"https:\/\/shop.print.az\/#website","url":"https:\/\/shop.print.az\/","name":"Print.az","description":"Shop","publisher":{"@id":"https:\/\/shop.print.az\/#organization"},"potentialAction":[{"@type":"SearchAction","target":{"@type":"EntryPoint","urlTemplate":"https:\/\/shop.print.az\/?s={search_term_string}"},"query-input":{"@type":"PropertyValueSpecification","valueRequired":true,"valueName":"search_term_string"}}],"inLanguage":"en-US"},{"@type":"Organization","@id":"https:\/\/shop.print.az\/#organization","name":"Print.az","url":"https:\/\/shop.print.az\/","logo":{"@type":"ImageObject","inLanguage":"en-US","@id":"https:\/\/shop.print.az\/#\/schema\/logo\/image\/","url":"https:\/\/shop.print.az\/wp-content\/uploads\/2023\/12\/logob.png","contentUrl":"https:\/\/shop.print.az\/wp-content\/uploads\/2023\/12\/logob.png","width":964,"height":212,"caption":"Print.az"},"image":{"@id":"https:\/\/shop.print.az\/#\/schema\/logo\/image\/"}}]}},"_links":{"self":[{"href":"https:\/\/shop.print.az\/en\/wp-json\/wp\/v2\/pages\/3","targetHints":{"allow":["GET"]}}],"collection":[{"href":"https:\/\/shop.print.az\/en\/wp-json\/wp\/v2\/pages"}],"about":[{"href":"https:\/\/shop.print.az\/en\/wp-json\/wp\/v2\/types\/page"}],"author":[{"embeddable":true,"href":"https:\/\/shop.print.az\/en\/wp-json\/wp\/v2\/users\/1"}],"replies":[{"embeddable":true,"href":"https:\/\/shop.print.az\/en\/wp-json\/wp\/v2\/comments?post=3"}],"version-history":[{"count":6,"href":"https:\/\/shop.print.az\/en\/wp-json\/wp\/v2\/pages\/3\/revisions"}],"predecessor-version":[{"id":15805,"href":"https:\/\/shop.print.az\/en\/wp-json\/wp\/v2\/pages\/3\/revisions\/15805"}],"wp:attachment":[{"href":"https:\/\/shop.print.az\/en\/wp-json\/wp\/v2\/media?parent=3"}],"curies":[{"name":"wp","href":"https:\/\/api.w.org\/{rel}","templated":true}]}}