{"id":15460,"date":"2024-05-17T15:34:09","date_gmt":"2024-05-17T15:34:09","guid":{"rendered":"https:\/\/shop.print.az\/?post_type=product&#038;p=15460"},"modified":"2025-05-05T08:02:23","modified_gmt":"2025-05-05T08:02:23","slug":"diptych-brochure-copy","status":"publish","type":"product","link":"https:\/\/shop.print.az\/en\/product\/diptych-brochure-copy\/","title":{"rendered":"Spiral notebook"},"content":{"rendered":"<table class=\"woocommerce-product-attributes shop_attributes\" style=\"height: 5px;\" width=\"549\">\n<tbody>\n<tr class=\"woocommerce-product-attributes-item woocommerce-product-attributes-item--attribute_product-color\">\n<th class=\"woocommerce-product-attributes-item__label\">Cover Front and Back<\/th>\n<td class=\"woocommerce-product-attributes-item__value\">Front and back sheets: 300 grams. bristol paper + lamination<\/td>\n<\/tr>\n<tr class=\"woocommerce-product-attributes-item woocommerce-product-attributes-item--attribute_delivery-term\">\n<th class=\"woocommerce-product-attributes-item__label\">Number of inner sheets<\/th>\n<td class=\"woocommerce-product-attributes-item__value\">50 sheets of 80 gram paper<\/td>\n<\/tr>\n<tr class=\"woocommerce-product-attributes-item woocommerce-product-attributes-item--attribute_quantity\">\n<th class=\"woocommerce-product-attributes-item__label\">Face Sheet Printing<\/th>\n<td class=\"woocommerce-product-attributes-item__value\">Single Sided 4 Color Printing<\/td>\n<\/tr>\n<tr class=\"woocommerce-product-attributes-item woocommerce-product-attributes-item--attribute_quantity\">\n<th class=\"woocommerce-product-attributes-item__label\">Inner Sheet Printing<\/th>\n<td class=\"woocommerce-product-attributes-item__value\">Double-Sided 1 Color Printing<\/td>\n<\/tr>\n<\/tbody>\n<\/table>\n<p>&nbsp;<\/p>","protected":false},"excerpt":{"rendered":"<p>Ka\u011f\u0131z \u00dcz v\u0259 Arxa \u00dcz v\u0259 arxa v\u0259r\u0259q: 300 qram. bristol ka\u011f\u0131z + laminasiya \u0130\u00e7 v\u0259r\u0259q say\u0131 50 v\u0259r\u0259q 80 qramliq ka\u011f\u0131z \u00dcz V\u0259r\u0259q \u00c7ap Bir T\u0259r\u0259fli 4 R\u0259ngli \u00c7ap \u0130\u00e7 V\u0259r\u0259q \u00c7ap \u0130ki T\u0259r\u0259fli 1 R\u0259ngli \u00c7ap &nbsp;<\/p>","protected":false},"featured_media":15465,"comment_status":"open","ping_status":"closed","template":"","meta":[],"product_cat":[71],"product_tag":[],"class_list":{"0":"post-15460","1":"product","2":"type-product","3":"status-publish","4":"has-post-thumbnail","6":"product_cat-cap-mhsullari","8":"first","9":"instock","10":"taxable","11":"shipping-taxable","12":"purchasable","13":"product-type-variable"},"yoast_head":"<!-- This site is optimized with the Yoast SEO plugin v24.9 - https:\/\/yoast.com\/wordpress\/plugins\/seo\/ -->\n<title>Bloknot Spirall\u0131 - Print.az<\/title>\n<meta name=\"robots\" content=\"index, follow, max-snippet:-1, max-image-preview:large, max-video-preview:-1\" \/>\n<link rel=\"canonical\" href=\"https:\/\/shop.print.az\/en\/product\/diptych-brochure-copy\/\" \/>\n<meta property=\"og:locale\" content=\"en_US\" \/>\n<meta property=\"og:type\" content=\"article\" \/>\n<meta property=\"og:title\" content=\"Bloknot Spirall\u0131 - Print.az\" \/>\n<meta property=\"og:description\" content=\"Ka\u011f\u0131z \u00dcz v\u0259 Arxa \u00dcz v\u0259 arxa v\u0259r\u0259q: 300 qram. bristol ka\u011f\u0131z + laminasiya \u0130\u00e7 v\u0259r\u0259q say\u0131 50 v\u0259r\u0259q 80 qramliq ka\u011f\u0131z \u00dcz V\u0259r\u0259q \u00c7ap Bir T\u0259r\u0259fli 4 R\u0259ngli \u00c7ap \u0130\u00e7 V\u0259r\u0259q \u00c7ap \u0130ki T\u0259r\u0259fli 1 R\u0259ngli \u00c7ap &nbsp;\" \/>\n<meta property=\"og:url\" content=\"https:\/\/shop.print.az\/en\/product\/diptych-brochure-copy\/\" \/>\n<meta property=\"og:site_name\" content=\"Print.az\" \/>\n<meta property=\"article:modified_time\" content=\"2025-05-05T08:02:23+00:00\" \/>\n<meta property=\"og:image\" content=\"https:\/\/shop.print.az\/wp-content\/uploads\/2024\/05\/Realistic_spiral_notebook_mockup_26-1-1024x1024.png\" \/>\n\t<meta property=\"og:image:width\" content=\"1024\" \/>\n\t<meta property=\"og:image:height\" content=\"1024\" \/>\n\t<meta property=\"og:image:type\" content=\"image\/png\" \/>\n<meta name=\"twitter:card\" content=\"summary_large_image\" \/>\n<script type=\"application\/ld+json\" class=\"yoast-schema-graph\">{\"@context\":\"https:\/\/schema.org\",\"@graph\":[{\"@type\":[\"WebPage\",\"ItemPage\"],\"@id\":\"https:\/\/shop.print.az\/product\/diptych-brochure-copy\/\",\"url\":\"https:\/\/shop.print.az\/product\/diptych-brochure-copy\/\",\"name\":\"Bloknot Spirall\u0131 - Print.az\",\"isPartOf\":{\"@id\":\"https:\/\/shop.print.az\/#website\"},\"primaryImageOfPage\":{\"@id\":\"https:\/\/shop.print.az\/product\/diptych-brochure-copy\/#primaryimage\"},\"image\":{\"@id\":\"https:\/\/shop.print.az\/product\/diptych-brochure-copy\/#primaryimage\"},\"thumbnailUrl\":\"https:\/\/shop.print.az\/wp-content\/uploads\/2024\/05\/Realistic_spiral_notebook_mockup_26-1.png\",\"datePublished\":\"2024-05-17T15:34:09+00:00\",\"dateModified\":\"2025-05-05T08:02:23+00:00\",\"breadcrumb\":{\"@id\":\"https:\/\/shop.print.az\/product\/diptych-brochure-copy\/#breadcrumb\"},\"inLanguage\":\"en-US\",\"potentialAction\":[{\"@type\":\"ReadAction\",\"target\":[\"https:\/\/shop.print.az\/product\/diptych-brochure-copy\/\"]}]},{\"@type\":\"ImageObject\",\"inLanguage\":\"en-US\",\"@id\":\"https:\/\/shop.print.az\/product\/diptych-brochure-copy\/#primaryimage\",\"url\":\"https:\/\/shop.print.az\/wp-content\/uploads\/2024\/05\/Realistic_spiral_notebook_mockup_26-1.png\",\"contentUrl\":\"https:\/\/shop.print.az\/wp-content\/uploads\/2024\/05\/Realistic_spiral_notebook_mockup_26-1.png\",\"width\":3000,\"height\":3000},{\"@type\":\"BreadcrumbList\",\"@id\":\"https:\/\/shop.print.az\/product\/diptych-brochure-copy\/#breadcrumb\",\"itemListElement\":[{\"@type\":\"ListItem\",\"position\":1,\"name\":\"Home\",\"item\":\"https:\/\/shop.print.az\/\"},{\"@type\":\"ListItem\",\"position\":2,\"name\":\"Ma\u011faza\",\"item\":\"https:\/\/shop.print.az\/\"},{\"@type\":\"ListItem\",\"position\":3,\"name\":\"\u00c7ap m\u0259hsullar\u0131\",\"item\":\"https:\/\/shop.print.az\/product-category\/cap-m%c9%99hsullari\/\"},{\"@type\":\"ListItem\",\"position\":4,\"name\":\"Bloknot Spirall\u0131\"}]},{\"@type\":\"WebSite\",\"@id\":\"https:\/\/shop.print.az\/#website\",\"url\":\"https:\/\/shop.print.az\/\",\"name\":\"Print.az\",\"description\":\"Shop\",\"publisher\":{\"@id\":\"https:\/\/shop.print.az\/#organization\"},\"potentialAction\":[{\"@type\":\"SearchAction\",\"target\":{\"@type\":\"EntryPoint\",\"urlTemplate\":\"https:\/\/shop.print.az\/?s={search_term_string}\"},\"query-input\":{\"@type\":\"PropertyValueSpecification\",\"valueRequired\":true,\"valueName\":\"search_term_string\"}}],\"inLanguage\":\"en-US\"},{\"@type\":\"Organization\",\"@id\":\"https:\/\/shop.print.az\/#organization\",\"name\":\"Print.az\",\"url\":\"https:\/\/shop.print.az\/\",\"logo\":{\"@type\":\"ImageObject\",\"inLanguage\":\"en-US\",\"@id\":\"https:\/\/shop.print.az\/#\/schema\/logo\/image\/\",\"url\":\"https:\/\/shop.print.az\/wp-content\/uploads\/2023\/12\/logob.png\",\"contentUrl\":\"https:\/\/shop.print.az\/wp-content\/uploads\/2023\/12\/logob.png\",\"width\":964,\"height\":212,\"caption\":\"Print.az\"},\"image\":{\"@id\":\"https:\/\/shop.print.az\/#\/schema\/logo\/image\/\"}}]}<\/script>\n<!-- \/ Yoast SEO plugin. -->","yoast_head_json":{"title":"Bloknot Spirall\u0131 - Print.az","robots":{"index":"index","follow":"follow","max-snippet":"max-snippet:-1","max-image-preview":"max-image-preview:large","max-video-preview":"max-video-preview:-1"},"canonical":"https:\/\/shop.print.az\/en\/product\/diptych-brochure-copy\/","og_locale":"en_US","og_type":"article","og_title":"Bloknot Spirall\u0131 - Print.az","og_description":"Ka\u011f\u0131z \u00dcz v\u0259 Arxa \u00dcz v\u0259 arxa v\u0259r\u0259q: 300 qram. bristol ka\u011f\u0131z + laminasiya \u0130\u00e7 v\u0259r\u0259q say\u0131 50 v\u0259r\u0259q 80 qramliq ka\u011f\u0131z \u00dcz V\u0259r\u0259q \u00c7ap Bir T\u0259r\u0259fli 4 R\u0259ngli \u00c7ap \u0130\u00e7 V\u0259r\u0259q \u00c7ap \u0130ki T\u0259r\u0259fli 1 R\u0259ngli \u00c7ap &nbsp;","og_url":"https:\/\/shop.print.az\/en\/product\/diptych-brochure-copy\/","og_site_name":"Print.az","article_modified_time":"2025-05-05T08:02:23+00:00","og_image":[{"width":1024,"height":1024,"url":"https:\/\/shop.print.az\/wp-content\/uploads\/2024\/05\/Realistic_spiral_notebook_mockup_26-1-1024x1024.png","type":"image\/png"}],"twitter_card":"summary_large_image","schema":{"@context":"https:\/\/schema.org","@graph":[{"@type":["WebPage","ItemPage"],"@id":"https:\/\/shop.print.az\/product\/diptych-brochure-copy\/","url":"https:\/\/shop.print.az\/product\/diptych-brochure-copy\/","name":"Bloknot Spirall\u0131 - Print.az","isPartOf":{"@id":"https:\/\/shop.print.az\/#website"},"primaryImageOfPage":{"@id":"https:\/\/shop.print.az\/product\/diptych-brochure-copy\/#primaryimage"},"image":{"@id":"https:\/\/shop.print.az\/product\/diptych-brochure-copy\/#primaryimage"},"thumbnailUrl":"https:\/\/shop.print.az\/wp-content\/uploads\/2024\/05\/Realistic_spiral_notebook_mockup_26-1.png","datePublished":"2024-05-17T15:34:09+00:00","dateModified":"2025-05-05T08:02:23+00:00","breadcrumb":{"@id":"https:\/\/shop.print.az\/product\/diptych-brochure-copy\/#breadcrumb"},"inLanguage":"en-US","potentialAction":[{"@type":"ReadAction","target":["https:\/\/shop.print.az\/product\/diptych-brochure-copy\/"]}]},{"@type":"ImageObject","inLanguage":"en-US","@id":"https:\/\/shop.print.az\/product\/diptych-brochure-copy\/#primaryimage","url":"https:\/\/shop.print.az\/wp-content\/uploads\/2024\/05\/Realistic_spiral_notebook_mockup_26-1.png","contentUrl":"https:\/\/shop.print.az\/wp-content\/uploads\/2024\/05\/Realistic_spiral_notebook_mockup_26-1.png","width":3000,"height":3000},{"@type":"BreadcrumbList","@id":"https:\/\/shop.print.az\/product\/diptych-brochure-copy\/#breadcrumb","itemListElement":[{"@type":"ListItem","position":1,"name":"Home","item":"https:\/\/shop.print.az\/"},{"@type":"ListItem","position":2,"name":"Ma\u011faza","item":"https:\/\/shop.print.az\/"},{"@type":"ListItem","position":3,"name":"\u00c7ap m\u0259hsullar\u0131","item":"https:\/\/shop.print.az\/product-category\/cap-m%c9%99hsullari\/"},{"@type":"ListItem","position":4,"name":"Bloknot Spirall\u0131"}]},{"@type":"WebSite","@id":"https:\/\/shop.print.az\/#website","url":"https:\/\/shop.print.az\/","name":"Print.az","description":"Shop","publisher":{"@id":"https:\/\/shop.print.az\/#organization"},"potentialAction":[{"@type":"SearchAction","target":{"@type":"EntryPoint","urlTemplate":"https:\/\/shop.print.az\/?s={search_term_string}"},"query-input":{"@type":"PropertyValueSpecification","valueRequired":true,"valueName":"search_term_string"}}],"inLanguage":"en-US"},{"@type":"Organization","@id":"https:\/\/shop.print.az\/#organization","name":"Print.az","url":"https:\/\/shop.print.az\/","logo":{"@type":"ImageObject","inLanguage":"en-US","@id":"https:\/\/shop.print.az\/#\/schema\/logo\/image\/","url":"https:\/\/shop.print.az\/wp-content\/uploads\/2023\/12\/logob.png","contentUrl":"https:\/\/shop.print.az\/wp-content\/uploads\/2023\/12\/logob.png","width":964,"height":212,"caption":"Print.az"},"image":{"@id":"https:\/\/shop.print.az\/#\/schema\/logo\/image\/"}}]}},"_links":{"self":[{"href":"https:\/\/shop.print.az\/en\/wp-json\/wp\/v2\/product\/15460","targetHints":{"allow":["GET"]}}],"collection":[{"href":"https:\/\/shop.print.az\/en\/wp-json\/wp\/v2\/product"}],"about":[{"href":"https:\/\/shop.print.az\/en\/wp-json\/wp\/v2\/types\/product"}],"replies":[{"embeddable":true,"href":"https:\/\/shop.print.az\/en\/wp-json\/wp\/v2\/comments?post=15460"}],"wp:featuredmedia":[{"embeddable":true,"href":"https:\/\/shop.print.az\/en\/wp-json\/wp\/v2\/media\/15465"}],"wp:attachment":[{"href":"https:\/\/shop.print.az\/en\/wp-json\/wp\/v2\/media?parent=15460"}],"wp:term":[{"taxonomy":"product_cat","embeddable":true,"href":"https:\/\/shop.print.az\/en\/wp-json\/wp\/v2\/product_cat?post=15460"},{"taxonomy":"product_tag","embeddable":true,"href":"https:\/\/shop.print.az\/en\/wp-json\/wp\/v2\/product_tag?post=15460"}],"curies":[{"name":"wp","href":"https:\/\/api.w.org\/{rel}","templated":true}]}}