{"id":15483,"date":"2024-05-18T08:45:45","date_gmt":"2024-05-18T08:45:45","guid":{"rendered":"https:\/\/shop.print.az\/?post_type=product&#038;p=15483"},"modified":"2024-11-18T15:08:39","modified_gmt":"2024-11-18T15:08:39","slug":"karton-canta","status":"publish","type":"product","link":"https:\/\/shop.print.az\/en\/product\/karton-canta\/","title":{"rendered":"Carton Bag"},"content":{"rendered":"<table class=\"woocommerce-product-attributes shop_attributes\" style=\"height: 5px;\" width=\"549\">\n<tbody>\n<tr class=\"woocommerce-product-attributes-item woocommerce-product-attributes-item--attribute_product-color\">\n<th class=\"woocommerce-product-attributes-item__label\">Paper<\/th>\n<td class=\"woocommerce-product-attributes-item__value\">250 Qr Bristol<\/td>\n<\/tr>\n<tr class=\"woocommerce-product-attributes-item woocommerce-product-attributes-item--attribute_delivery-term\">\n<th class=\"woocommerce-product-attributes-item__label\">Size<\/th>\n<td class=\"woocommerce-product-attributes-item__value\">A6+, A5+, A4+, A3+<\/td>\n<\/tr>\n<tr class=\"woocommerce-product-attributes-item woocommerce-product-attributes-item--attribute_quantity\">\n<th class=\"woocommerce-product-attributes-item__label\">Print Technology<\/th>\n<td class=\"woocommerce-product-attributes-item__value\">Double Sided, Full Color<\/td>\n<\/tr>\n<\/tbody>\n<tbody>\n<tr class=\"woocommerce-product-attributes-item woocommerce-product-attributes-item--attribute_quantity\">\n<th class=\"woocommerce-product-attributes-item__label\">Lamination<\/th>\n<td class=\"woocommerce-product-attributes-item__value\">Matte, glossy<\/td>\n<\/tr>\n<\/tbody>\n<\/table>\n<p>&nbsp;<\/p>\n<p>&nbsp;<\/p>","protected":false},"excerpt":{"rendered":"<table class=\"woocommerce-product-attributes shop_attributes\" style=\"height: 5px;\" width=\"549\">\n<tbody>\n<tr class=\"woocommerce-product-attributes-item woocommerce-product-attributes-item--attribute_product-color\">\n<th class=\"woocommerce-product-attributes-item__label\">Paper<\/th>\n<td class=\"woocommerce-product-attributes-item__value\">250 Qr Bristol<\/td>\n<\/tr>\n<tr class=\"woocommerce-product-attributes-item woocommerce-product-attributes-item--attribute_delivery-term\">\n<th class=\"woocommerce-product-attributes-item__label\">Size<\/th>\n<td class=\"woocommerce-product-attributes-item__value\">A6+, A5+, A4+, A3+<\/td>\n<\/tr>\n<tr class=\"woocommerce-product-attributes-item woocommerce-product-attributes-item--attribute_quantity\">\n<th class=\"woocommerce-product-attributes-item__label\">Print Technology<\/th>\n<td class=\"woocommerce-product-attributes-item__value\">Double Sided, Full Color<\/td>\n<\/tr>\n<\/tbody>\n<tbody>\n<tr class=\"woocommerce-product-attributes-item woocommerce-product-attributes-item--attribute_quantity\">\n<th class=\"woocommerce-product-attributes-item__label\">Lamination<\/th>\n<td class=\"woocommerce-product-attributes-item__value\">Matte, glossy<\/td>\n<\/tr>\n<\/tbody>\n<\/table>\n<p>&nbsp;<\/p>","protected":false},"featured_media":15487,"comment_status":"open","ping_status":"closed","template":"","meta":[],"product_cat":[71,67],"product_tag":[],"class_list":{"0":"post-15483","1":"product","2":"type-product","3":"status-publish","4":"has-post-thumbnail","6":"product_cat-cap-mhsullari","7":"product_cat-promo-mhsullar","9":"first","10":"instock","11":"taxable","12":"shipping-taxable","13":"purchasable","14":"product-type-variable"},"yoast_head":"<!-- This site is optimized with the Yoast SEO plugin v24.9 - https:\/\/yoast.com\/wordpress\/plugins\/seo\/ -->\n<title>Karton \u00c7anta - Print.az<\/title>\n<meta name=\"robots\" content=\"index, follow, max-snippet:-1, max-image-preview:large, max-video-preview:-1\" \/>\n<link rel=\"canonical\" href=\"https:\/\/shop.print.az\/en\/product\/karton-canta\/\" \/>\n<meta property=\"og:locale\" content=\"en_US\" \/>\n<meta property=\"og:type\" content=\"article\" \/>\n<meta property=\"og:title\" content=\"Karton \u00c7anta - Print.az\" \/>\n<meta property=\"og:description\" content=\"Ka\u011f\u0131z 250 Qr Bristol   \u00d6l\u00e7\u00fc A6+, A5+, A4+, A3+   \u00c7ap \u0130ki T\u0259r\u0259fli Tam R\u0259ngli     Laminasiya Mat, Parlaq    &nbsp;\" \/>\n<meta property=\"og:url\" content=\"https:\/\/shop.print.az\/en\/product\/karton-canta\/\" \/>\n<meta property=\"og:site_name\" content=\"Print.az\" \/>\n<meta property=\"article:modified_time\" content=\"2024-11-18T15:08:39+00:00\" \/>\n<meta property=\"og:image\" content=\"https:\/\/shop.print.az\/wp-content\/uploads\/2024\/05\/5691223.png\" \/>\n\t<meta property=\"og:image:width\" content=\"3000\" \/>\n\t<meta property=\"og:image:height\" content=\"3000\" \/>\n\t<meta property=\"og:image:type\" content=\"image\/png\" \/>\n<meta name=\"twitter:card\" content=\"summary_large_image\" \/>\n<meta name=\"twitter:label1\" content=\"Est. reading time\" \/>\n\t<meta name=\"twitter:data1\" content=\"1 minute\" \/>\n<script type=\"application\/ld+json\" class=\"yoast-schema-graph\">{\"@context\":\"https:\/\/schema.org\",\"@graph\":[{\"@type\":[\"WebPage\",\"ItemPage\"],\"@id\":\"https:\/\/shop.print.az\/product\/karton-canta\/\",\"url\":\"https:\/\/shop.print.az\/product\/karton-canta\/\",\"name\":\"Karton \u00c7anta - Print.az\",\"isPartOf\":{\"@id\":\"https:\/\/shop.print.az\/#website\"},\"primaryImageOfPage\":{\"@id\":\"https:\/\/shop.print.az\/product\/karton-canta\/#primaryimage\"},\"image\":{\"@id\":\"https:\/\/shop.print.az\/product\/karton-canta\/#primaryimage\"},\"thumbnailUrl\":\"https:\/\/shop.print.az\/wp-content\/uploads\/2024\/05\/5691223.png\",\"datePublished\":\"2024-05-18T08:45:45+00:00\",\"dateModified\":\"2024-11-18T15:08:39+00:00\",\"breadcrumb\":{\"@id\":\"https:\/\/shop.print.az\/product\/karton-canta\/#breadcrumb\"},\"inLanguage\":\"en-US\",\"potentialAction\":[{\"@type\":\"ReadAction\",\"target\":[\"https:\/\/shop.print.az\/product\/karton-canta\/\"]}]},{\"@type\":\"ImageObject\",\"inLanguage\":\"en-US\",\"@id\":\"https:\/\/shop.print.az\/product\/karton-canta\/#primaryimage\",\"url\":\"https:\/\/shop.print.az\/wp-content\/uploads\/2024\/05\/5691223.png\",\"contentUrl\":\"https:\/\/shop.print.az\/wp-content\/uploads\/2024\/05\/5691223.png\",\"width\":3000,\"height\":3000},{\"@type\":\"BreadcrumbList\",\"@id\":\"https:\/\/shop.print.az\/product\/karton-canta\/#breadcrumb\",\"itemListElement\":[{\"@type\":\"ListItem\",\"position\":1,\"name\":\"Home\",\"item\":\"https:\/\/shop.print.az\/\"},{\"@type\":\"ListItem\",\"position\":2,\"name\":\"Ma\u011faza\",\"item\":\"https:\/\/shop.print.az\/\"},{\"@type\":\"ListItem\",\"position\":3,\"name\":\"\u00c7ap m\u0259hsullar\u0131\",\"item\":\"https:\/\/shop.print.az\/product-category\/cap-m%c9%99hsullari\/\"},{\"@type\":\"ListItem\",\"position\":4,\"name\":\"Karton \u00c7anta\"}]},{\"@type\":\"WebSite\",\"@id\":\"https:\/\/shop.print.az\/#website\",\"url\":\"https:\/\/shop.print.az\/\",\"name\":\"Print.az\",\"description\":\"Shop\",\"publisher\":{\"@id\":\"https:\/\/shop.print.az\/#organization\"},\"potentialAction\":[{\"@type\":\"SearchAction\",\"target\":{\"@type\":\"EntryPoint\",\"urlTemplate\":\"https:\/\/shop.print.az\/?s={search_term_string}\"},\"query-input\":{\"@type\":\"PropertyValueSpecification\",\"valueRequired\":true,\"valueName\":\"search_term_string\"}}],\"inLanguage\":\"en-US\"},{\"@type\":\"Organization\",\"@id\":\"https:\/\/shop.print.az\/#organization\",\"name\":\"Print.az\",\"url\":\"https:\/\/shop.print.az\/\",\"logo\":{\"@type\":\"ImageObject\",\"inLanguage\":\"en-US\",\"@id\":\"https:\/\/shop.print.az\/#\/schema\/logo\/image\/\",\"url\":\"https:\/\/shop.print.az\/wp-content\/uploads\/2023\/12\/logob.png\",\"contentUrl\":\"https:\/\/shop.print.az\/wp-content\/uploads\/2023\/12\/logob.png\",\"width\":964,\"height\":212,\"caption\":\"Print.az\"},\"image\":{\"@id\":\"https:\/\/shop.print.az\/#\/schema\/logo\/image\/\"}}]}<\/script>\n<!-- \/ Yoast SEO plugin. -->","yoast_head_json":{"title":"Karton \u00c7anta - Print.az","robots":{"index":"index","follow":"follow","max-snippet":"max-snippet:-1","max-image-preview":"max-image-preview:large","max-video-preview":"max-video-preview:-1"},"canonical":"https:\/\/shop.print.az\/en\/product\/karton-canta\/","og_locale":"en_US","og_type":"article","og_title":"Karton \u00c7anta - Print.az","og_description":"Ka\u011f\u0131z 250 Qr Bristol   \u00d6l\u00e7\u00fc A6+, A5+, A4+, A3+   \u00c7ap \u0130ki T\u0259r\u0259fli Tam R\u0259ngli     Laminasiya Mat, Parlaq    &nbsp;","og_url":"https:\/\/shop.print.az\/en\/product\/karton-canta\/","og_site_name":"Print.az","article_modified_time":"2024-11-18T15:08:39+00:00","og_image":[{"width":3000,"height":3000,"url":"https:\/\/shop.print.az\/wp-content\/uploads\/2024\/05\/5691223.png","type":"image\/png"}],"twitter_card":"summary_large_image","twitter_misc":{"Est. reading time":"1 minute"},"schema":{"@context":"https:\/\/schema.org","@graph":[{"@type":["WebPage","ItemPage"],"@id":"https:\/\/shop.print.az\/product\/karton-canta\/","url":"https:\/\/shop.print.az\/product\/karton-canta\/","name":"Karton \u00c7anta - Print.az","isPartOf":{"@id":"https:\/\/shop.print.az\/#website"},"primaryImageOfPage":{"@id":"https:\/\/shop.print.az\/product\/karton-canta\/#primaryimage"},"image":{"@id":"https:\/\/shop.print.az\/product\/karton-canta\/#primaryimage"},"thumbnailUrl":"https:\/\/shop.print.az\/wp-content\/uploads\/2024\/05\/5691223.png","datePublished":"2024-05-18T08:45:45+00:00","dateModified":"2024-11-18T15:08:39+00:00","breadcrumb":{"@id":"https:\/\/shop.print.az\/product\/karton-canta\/#breadcrumb"},"inLanguage":"en-US","potentialAction":[{"@type":"ReadAction","target":["https:\/\/shop.print.az\/product\/karton-canta\/"]}]},{"@type":"ImageObject","inLanguage":"en-US","@id":"https:\/\/shop.print.az\/product\/karton-canta\/#primaryimage","url":"https:\/\/shop.print.az\/wp-content\/uploads\/2024\/05\/5691223.png","contentUrl":"https:\/\/shop.print.az\/wp-content\/uploads\/2024\/05\/5691223.png","width":3000,"height":3000},{"@type":"BreadcrumbList","@id":"https:\/\/shop.print.az\/product\/karton-canta\/#breadcrumb","itemListElement":[{"@type":"ListItem","position":1,"name":"Home","item":"https:\/\/shop.print.az\/"},{"@type":"ListItem","position":2,"name":"Ma\u011faza","item":"https:\/\/shop.print.az\/"},{"@type":"ListItem","position":3,"name":"\u00c7ap m\u0259hsullar\u0131","item":"https:\/\/shop.print.az\/product-category\/cap-m%c9%99hsullari\/"},{"@type":"ListItem","position":4,"name":"Karton \u00c7anta"}]},{"@type":"WebSite","@id":"https:\/\/shop.print.az\/#website","url":"https:\/\/shop.print.az\/","name":"Print.az","description":"Shop","publisher":{"@id":"https:\/\/shop.print.az\/#organization"},"potentialAction":[{"@type":"SearchAction","target":{"@type":"EntryPoint","urlTemplate":"https:\/\/shop.print.az\/?s={search_term_string}"},"query-input":{"@type":"PropertyValueSpecification","valueRequired":true,"valueName":"search_term_string"}}],"inLanguage":"en-US"},{"@type":"Organization","@id":"https:\/\/shop.print.az\/#organization","name":"Print.az","url":"https:\/\/shop.print.az\/","logo":{"@type":"ImageObject","inLanguage":"en-US","@id":"https:\/\/shop.print.az\/#\/schema\/logo\/image\/","url":"https:\/\/shop.print.az\/wp-content\/uploads\/2023\/12\/logob.png","contentUrl":"https:\/\/shop.print.az\/wp-content\/uploads\/2023\/12\/logob.png","width":964,"height":212,"caption":"Print.az"},"image":{"@id":"https:\/\/shop.print.az\/#\/schema\/logo\/image\/"}}]}},"_links":{"self":[{"href":"https:\/\/shop.print.az\/en\/wp-json\/wp\/v2\/product\/15483","targetHints":{"allow":["GET"]}}],"collection":[{"href":"https:\/\/shop.print.az\/en\/wp-json\/wp\/v2\/product"}],"about":[{"href":"https:\/\/shop.print.az\/en\/wp-json\/wp\/v2\/types\/product"}],"replies":[{"embeddable":true,"href":"https:\/\/shop.print.az\/en\/wp-json\/wp\/v2\/comments?post=15483"}],"wp:featuredmedia":[{"embeddable":true,"href":"https:\/\/shop.print.az\/en\/wp-json\/wp\/v2\/media\/15487"}],"wp:attachment":[{"href":"https:\/\/shop.print.az\/en\/wp-json\/wp\/v2\/media?parent=15483"}],"wp:term":[{"taxonomy":"product_cat","embeddable":true,"href":"https:\/\/shop.print.az\/en\/wp-json\/wp\/v2\/product_cat?post=15483"},{"taxonomy":"product_tag","embeddable":true,"href":"https:\/\/shop.print.az\/en\/wp-json\/wp\/v2\/product_tag?post=15483"}],"curies":[{"name":"wp","href":"https:\/\/api.w.org\/{rel}","templated":true}]}}